{"id":823,"date":"2023-07-05T09:24:21","date_gmt":"2023-07-05T07:24:21","guid":{"rendered":"https:\/\/maxime-roy.com\/?post_type=product&#038;p=823"},"modified":"2026-04-27T09:08:25","modified_gmt":"2026-04-27T07:08:25","slug":"ile-aux-oiseaux","status":"publish","type":"product","link":"https:\/\/maxime-roy.com\/en\/boutique\/ile-aux-oiseaux\/","title":{"rendered":"Ile aux oiseaux"},"content":{"rendered":"<h2>Photographie<\/h2>\n<p>Envolez-vous pour l&#8217;\u00eele aux Oiseaux ! Avec son nom po\u00e9tique et son caract\u00e8re insulaire, l&#8217;Ile aux Oiseaux \u00e9veille notre imaginaire. Situ\u00e9e \u00e0 l&#8217;int\u00e9rieur du bassin d&#8217;Arcachon, elle appara\u00eet ici \u00e0 mar\u00e9e basse, bord\u00e9e par les Cabanes Tchanqu\u00e9es, symboles du bassin. Le clich\u00e9 a \u00e9t\u00e9 r\u00e9alis\u00e9 \u00e0 bord d&#8217;un avion \u00e0 4 500 m\u00e8tres d&#8217;altitude. L&#8217;estran alors d\u00e9couvert fait apparaitre des esteys qui rappellent d&#8217;autres \u00e9l\u00e9ments du vivant&#8230; Des formes apparaissent, comme les racines d&#8217; un arbre, les veines du corps humain, l&#8217;imagination est sans limites pour reconna\u00eetre des motifs dans cette photographie ! Les \u00e9tangs verts en forme demi-rond (tonnes de chasse) pars\u00e8ment l&#8217;\u00eele comme les touches color\u00e9es d&#8217;un peintre aquarelliste.<\/p>\n<p>Ce tableau au format 50 x 50 cm illuminera votre pi\u00e8ce gr\u00e2ce aux verts flamboyants de la v\u00e9g\u00e9tation de l&#8217;\u00eele. Il ornera avec force votre int\u00e9rieur pour montrer votre attachement \u00e0 ce lieu unique, qui est un haut lieu de biodiversit\u00e9.<\/p>\n<h2>\u00c9dition limit\u00e9e et certificat d&#8217;authenticit\u00e9<\/h2>\n<p>Cette photographie est \u00e9dit\u00e9e en s\u00e9rie limit\u00e9e de <strong>30 exemplaires<\/strong> au format 50 x 50 centim\u00e8tres. Chaque exemplaire est accompagn\u00e9 d&#8217;un certificat d&#8217;authenticit\u00e9 num\u00e9rot\u00e9 et sign\u00e9 par l&#8217;artiste.<\/p>\n<h2>Encres et papier<\/h2>\n<p>Le tirage est r\u00e9alis\u00e9 sur papier photo de qualit\u00e9 professionnelle au sein du <a href=\"https:\/\/www.whitewall.com\/fr\/magazine\/evenements\/TIPA-world-award-2023\">laboratoire sp\u00e9cialis\u00e9 White Wall, reconnu pour son excellence dans le monde des arts<\/a>. C&#8217;est un tirage argentique sur papier 220g finition mat (qualit\u00e9 mus\u00e9e).<\/p>\n<p>Cette \u0153uvre d&#8217;art est con\u00e7ue pour durer dans le temps : la qualit\u00e9 des encres et du papier vous garantit une <strong>conservation parfaite des couleurs <\/strong>pendant 80 ans en situation d&#8217;exposition normale (\u00e0 la lumi\u00e8re du jour, en int\u00e9rieur et sans exposition \u00e0 la chaleur ou l&#8217;humidit\u00e9).<\/p>\n<h2>Personnalisation et encadrement<\/h2>\n<p><strong>Tirage seul \u00e0 encadrer<\/strong> : vous recevez le tirage seul avec son certificat d&#8217;authenticit\u00e9. Vous pourrez facilement l&#8217;encadrer en achetant un cadre\u00a0 de dimension 50 x 50 cm (format standard) en magasin de d\u00e9coration ou en confiant le tirage \u00e0 un encadreur professionnel.<br \/>\n<a href=\"https:\/\/maxime-roy.com\/solutions-dencadrement\/\">Obtenez de l&#8217;aide pour trouver un cadre adapt\u00e9 \u00e0 votre int\u00e9rieur en cliquant ici<\/a><\/p>\n<p><strong>Tableau encadr\u00e9<\/strong> : la caisse am\u00e9ricaine est un cadre haut-de-gamme en bois, fabriqu\u00e9 sur mesure et \u00e0 la main dans un atelier de menuiserie. La caisse am\u00e9ricaine donnera du relief \u00e0 la photographie, comme dans les plus grands salons d&#8217;art : la photo semble flotter \u00e0 l&#8217;int\u00e9rieur du cadre car l\u2019\u0153uvre ne touche pas les baguettes (espace vide de 7 mm). Vous pouvez choisir entre 3 couleurs de bois, du clair au fonc\u00e9 : ch\u00eane, noyer et aulne brun.<br \/>\nL\u2019\u0153uvre encadr\u00e9e est accompagn\u00e9e de son certificat d&#8217;authenticit\u00e9.<br \/>\nFixations incluses au dos du cadre pour \u00eatre accroch\u00e9 directement au mur. Montage facile : 2 clous, vis ou crochets suffisent.<br \/>\nDimensions ext\u00e9rieures de la caisse am\u00e9ricaine : 54,4 x 54,4 cm.<\/p>\n<p>Sur un mur blanc, nous recommandons la caisse am\u00e9ricaine en noyer.<\/p>\n<p><strong>Besoin d&#8217;aide pour choisir ?<\/strong> Vous souhaitez v\u00e9rifier si le tableau sera harmonieux avec votre int\u00e9rieur avant d&#8217;acheter ? Demandez une simulation gratuite de l\u2019\u0153uvre install\u00e9e chez vous. <a href=\"https:\/\/maxime-roy.com\/rappelez-moi\/\">Demandez \u00e0 \u00eatre rappel\u00e9<\/a> ou <a href=\"https:\/\/wa.me\/33676698458?text=Bonjour%2C%20je%20souhaite%20visualiser%20gratuitement%20le%20tirage%20%22Ile%20aux%20oiseaux%22%20dans%20mon%20int%C3%A9rieur.\">contactez-nous par Whatsapp<\/a>.<\/p>\n<h2>Livraison<\/h2>\n<p>Transporteur : La Poste Colissimo avec suivi. Vous recevrez le num\u00e9ro de suivi par email d\u00e8s que votre commande sera exp\u00e9di\u00e9e.<br \/>\n<strong>D\u00e9lai : 7 jours ouvr\u00e9s<\/strong>, pour le tirage seul. 12 jours ouvr\u00e9s pour le tirage encadr\u00e9 en caisse am\u00e9ricaine.<br \/>\nEmballage pour le tirage seul : le tirage seul est roul\u00e9 dans du papier de soie pour prot\u00e9ger les encres du contact avec le carton, puis ins\u00e9r\u00e9 en rouleau dans un emballage avec protection renforc\u00e9e en carton recycl\u00e9.<br \/>\nEmballage pour le tableau encadr\u00e9 : le cadre est prot\u00e9g\u00e9e par des mousses et des renforts cartonn\u00e9s puis ins\u00e9r\u00e9 dans un emballage avec protection renforc\u00e9e en carton recycl\u00e9.<\/p>\n<h2><a href=\"https:\/\/maxime-roy.com\/collection-bassin-arcachon\/\">La collection de photographies d&#8217;art &#8220;Le Bassin d&#8217;Arcachon&#8221;<\/a><\/h2>\n<p>Le tableau &#8220;Ile aux Oiseaux&#8221; fait partie de <a href=\"https:\/\/maxime-roy.com\/collection-bassin-arcachon\/\">la collection de tableaux sur le th\u00e8me du Bassin d&#8217;Arcachon<\/a>. D\u00e9couvrez les autres tableaux de la collection : <a href=\"https:\/\/maxime-roy.com\/boutique\/coeur-de-lege\/\">C\u0153ur de L\u00e8ge : un c\u0153ur dans la for\u00eat du Cap Ferret<\/a>, <a href=\"https:\/\/maxime-roy.com\/boutique\/banc-d-arguin-au-naturel\/\">le Banc d&#8217;Arguin<\/a> et <a href=\"https:\/\/maxime-roy.com\/boutique\/la-dune-du-pilat\/\">la Dune du Pilat<\/a>, <a href=\"https:\/\/maxime-roy.com\/boutique\/couleurs-de-leyre\/\">le Delta de la Leyre : la rivi\u00e8re qui a donn\u00e9 naissance au Bassin d&#8217;Arcachon<\/a>, <a href=\"https:\/\/maxime-roy.com\/boutique\/ondes-de-sable\/\">le Banc du Toulinguet : un jeune banc de sable entre le Cap Ferret et le Banc d&#8217;Arguin,<\/a> <a href=\"https:\/\/maxime-roy.com\/boutique\/ecume-du-jour\/\">\u00c9cume du jour : les plages oc\u00e9anes du Cap Ferret<\/a> et enfin <a href=\"https:\/\/maxime-roy.com\/boutique\/bassin-d-arcachon\/\">le tableau de tout le Bassin d&#8217;Arcachon<\/a>.<\/p>\n","protected":false},"excerpt":{"rendered":"<p>Photographie a\u00e9rienne de l&#8217;\u00eele aux oiseaux et des cabanes tchanqu\u00e9es sur le bassin d&#8217;Arcachon<br \/>\n<strong>Artiste<\/strong> Maxime Roy x IGN 2021<br \/>\n<strong>Format<\/strong> 50 x 50 cm<br \/>\n<strong>\u00c9dition limit\u00e9e<\/strong> \u00e0 30 exemplaires num\u00e9rot\u00e9s<\/p>\n<p>Envolez-vous pour l&#8217;\u00eele aux Oiseaux ! Par son nom po\u00e9tique et son caract\u00e8re insulaire, l&#8217;Ile aux Oiseaux \u00e9veille notre imaginaire. Ce tableau ornera avec force votre int\u00e9rieur pour montrer votre attachement \u00e0 ce lieu unique et votre sensibilit\u00e9 \u00e0 la nature. Une \u0153uvre d\u2019art qui fait \u00e9cho aux travaux des plus \u00e9minents photographes a\u00e9riens\u00a0 (Yann Arthus-Bertrand, Thomas Pesquet), accessible \u00e0 un prix abordable.<\/p>\n","protected":false},"featured_media":797,"comment_status":"open","ping_status":"closed","template":"","meta":{"site-sidebar-layout":"default","site-content-layout":"default","ast-global-header-display":"","ast-main-header-display":"","ast-hfb-above-header-display":"","ast-hfb-below-header-display":"","ast-hfb-mobile-header-display":"","site-post-title":"","ast-breadcrumbs-content":"","ast-featured-img":"","footer-sml-layout":"","theme-transparent-header-meta":"default","adv-header-id-meta":"","stick-header-meta":"","header-above-stick-meta":"","header-main-stick-meta":"","header-below-stick-meta":"","_vp_format_video_url":"","_vp_image_focal_point":[]},"product_brand":[],"product_cat":[38,79,53],"product_tag":[76,77,78,44,47,75,73,74,48,64],"class_list":{"0":"post-823","1":"product","2":"type-product","3":"status-publish","4":"has-post-thumbnail","6":"product_cat-bassin-darcachon","7":"product_cat-carre","8":"product_cat-format","9":"product_tag-bancs","10":"product_tag-beige","11":"product_tag-brun-clair","12":"product_tag-emeraude","13":"product_tag-littoral","14":"product_tag-motifs","15":"product_tag-plaisance","16":"product_tag-sable","17":"product_tag-vagues","18":"product_tag-vert","19":"product_shipping_class-creativehub-flatrate","20":"desktop-align-left","21":"tablet-align-left","22":"mobile-align-left","24":"first","25":"instock","26":"purchasable","27":"product-type-variable"},"jetpack_sharing_enabled":true,"_links":{"self":[{"href":"https:\/\/maxime-roy.com\/en\/wp-json\/wp\/v2\/product\/823","targetHints":{"allow":["GET"]}}],"collection":[{"href":"https:\/\/maxime-roy.com\/en\/wp-json\/wp\/v2\/product"}],"about":[{"href":"https:\/\/maxime-roy.com\/en\/wp-json\/wp\/v2\/types\/product"}],"replies":[{"embeddable":true,"href":"https:\/\/maxime-roy.com\/en\/wp-json\/wp\/v2\/comments?post=823"}],"wp:featuredmedia":[{"embeddable":true,"href":"https:\/\/maxime-roy.com\/en\/wp-json\/wp\/v2\/media\/797"}],"wp:attachment":[{"href":"https:\/\/maxime-roy.com\/en\/wp-json\/wp\/v2\/media?parent=823"}],"wp:term":[{"taxonomy":"product_brand","embeddable":true,"href":"https:\/\/maxime-roy.com\/en\/wp-json\/wp\/v2\/product_brand?post=823"},{"taxonomy":"product_cat","embeddable":true,"href":"https:\/\/maxime-roy.com\/en\/wp-json\/wp\/v2\/product_cat?post=823"},{"taxonomy":"product_tag","embeddable":true,"href":"https:\/\/maxime-roy.com\/en\/wp-json\/wp\/v2\/product_tag?post=823"}],"curies":[{"name":"wp","href":"https:\/\/api.w.org\/{rel}","templated":true}]}}