{"id":795,"date":"2023-07-03T16:19:54","date_gmt":"2023-07-03T14:19:54","guid":{"rendered":"https:\/\/maxime-roy.com\/?post_type=product&#038;p=795"},"modified":"2024-08-09T21:16:24","modified_gmt":"2024-08-09T19:16:24","slug":"ondes-de-sable","status":"publish","type":"product","link":"https:\/\/maxime-roy.com\/en\/boutique\/ondes-de-sable\/","title":{"rendered":"Ondes de sable"},"content":{"rendered":"<h2>Photographie<\/h2>\n<p>Clich\u00e9 r\u00e9alis\u00e9 au-dessus du banc du Toulinguet, entre le banc d&#8217;Arguin et la pointe du Cap Ferret (voir la carte). Il a \u00e9t\u00e9 r\u00e9alis\u00e9 \u00e0 bord d&#8217;un avion par l&#8217;Institut G\u00e9ographique National en 2021. Le Toulinguet est un banc de sable jeune, qui se d\u00e9place lentement vers le banc d&#8217;Arguin. Sur l&#8217;image, plusieurs ondes invitent l\u2019\u0153il \u00e0 explorer le paysage : la houle qui dessine des figures et des arcs de cercle \u00e0 la surface de l&#8217;eau d&#8217;une part, et les motifs dessin\u00e9s par les couches de sable accumul\u00e9es d&#8217;autre part. On peut notamment distinguer des <em>ripple mark<\/em> (ou rides de courant) sur les zones sableuses peu profondes : des vaguelettes sculpt\u00e9es par la houle qui sont fig\u00e9es dans le sable !<\/p>\n<p>Intitul\u00e9 &#8220;Ondes de sable&#8221;, ce tirage grand format 90 x 90 cm exprime toute la beaut\u00e9 d&#8217;un paysage naturel en constante \u00e9volution. Les couleurs dominantes sont brun clair, \u00e9meraude et champagne.<\/p>\n<h2>\u00c9dition limit\u00e9e et certificat d&#8217;authenticit\u00e9<\/h2>\n<p>Cette photographie est \u00e9dit\u00e9e en s\u00e9rie limit\u00e9e de <strong>30 exemplaires<\/strong> au format 90 x 90 centim\u00e8tres. Chaque exemplaire est accompagn\u00e9 d&#8217;un certificat d&#8217;authenticit\u00e9 num\u00e9rot\u00e9.<\/p>\n<h2>Encres et papier<\/h2>\n<p>Le tirage est r\u00e9alis\u00e9 sur papier photo de qualit\u00e9 professionnelle par mon laboratoire partenaire. C&#8217;est un tirage argentique sur papier 220g finition mat (qualit\u00e9 mus\u00e9e). La qualit\u00e9 des encres et du papier vous garantit une <strong>conservation parfaite des couleurs <\/strong>pendant 40 ans en situation d&#8217;exposition (\u00e0 la lumi\u00e8re du jour, en int\u00e9rieur et sans exposition \u00e0 la chaleur ou l&#8217;humidit\u00e9).<\/p>\n<h2>Encadrement<\/h2>\n<p>Le cadre n&#8217;est pas livr\u00e9 avec le tirage. <a href=\"https:\/\/maxime-roy.com\/solutions-dencadrement\/\">Consultez la page &#8220;Cadres et encadrement&#8221;<\/a> pour <strong>trouver un cadre adapt\u00e9 \u00e0 votre int\u00e9rieur<\/strong>.<br \/>\nSi vous souhaitez recevoir un tirage encadr\u00e9, c&#8217;est possible ! Dans ce cas, contactez-moi avant de passer commande (mes coordonn\u00e9es sont en bas de cette page).<\/p>\n<h2>Livraison<\/h2>\n<p>Transporteur : La Poste Colissimo avec suivi.<br \/>\n<strong>D\u00e9lai : 5 jours ouvr\u00e9s<\/strong>. Par exemple, si vous passez commande le samedi ou le dimanche, vous recevrez le colis chez vous le vendredi suivant.<br \/>\nEmballage : le tirage est roul\u00e9 dans du papier de soie pour prot\u00e9ger les encres du contact avec le carton, puis ins\u00e9r\u00e9 en rouleau dans un emballage avec protection renforc\u00e9e en carton recycl\u00e9. Je vous le garantis : votre tirage n&#8217;arrivera jamais pli\u00e9 en mauvais \u00e9tat.<\/p>\n<h2><a href=\"https:\/\/maxime-roy.com\/collection-bassin-arcachon\/\">La collection de photographies d&#8217;art &#8220;Le Bassin d&#8217;Arcachon&#8221;<\/a><\/h2>\n<p>Le tableau &#8220;Ondes de sable&#8221; fait partie de <a href=\"https:\/\/maxime-roy.com\/collection-bassin-arcachon\/\">la collection de tableaux sur le th\u00e8me du Bassin d&#8217;Arcachon<\/a>. D\u00e9couvrez les autres tableaux de la collection : <a href=\"https:\/\/maxime-roy.com\/boutique\/coeur-de-lege\/\">C\u0153ur de L\u00e8ge : un c\u0153ur dans la for\u00eat du Cap Ferret<\/a>, <a href=\"https:\/\/maxime-roy.com\/boutique\/banc-d-arguin-au-naturel\/\">le Banc d&#8217;Arguin<\/a> et <a href=\"https:\/\/maxime-roy.com\/boutique\/la-dune-du-pilat\/\">la Dune du Pilat<\/a>, <a href=\"https:\/\/maxime-roy.com\/boutique\/couleurs-de-leyre\/\">le Delta de la Leyre : la rivi\u00e8re qui a donn\u00e9 naissance au Bassin d&#8217;Arcachon<\/a>, <a href=\"https:\/\/maxime-roy.com\/boutique\/ile-aux-oiseaux\/\">l&#8217;Ile aux Oiseaux : un paradis au c\u0153ur du bassin bord\u00e9 par les c\u00e9l\u00e8bres cabanes tchanqu\u00e9es<\/a>, <a href=\"https:\/\/maxime-roy.com\/boutique\/ecume-du-jour\/\">\u00c9cume du jour : les plages oc\u00e9anes du Cap Ferret<\/a> et enfin <a href=\"https:\/\/maxime-roy.com\/boutique\/bassin-d-arcachon\/\">le tableau de tout le Bassin d&#8217;Arcachon<\/a>.<\/p>\n","protected":false},"excerpt":{"rendered":"<p><em>Entre vents et mar\u00e9es<\/em><br \/>\nPhotographie a\u00e9rienne du banc du Toulinguet sur le bassin d&#8217;Arcachon (2021)<br \/>\n<strong>Format<\/strong> 90 x 90 cm<br \/>\n<strong>Tirage argentique<\/strong> sur papier photo 220 g<br \/>\n<strong>\u00c9dition limit\u00e9e<\/strong> \u00e0 30 exemplaires num\u00e9rot\u00e9s<\/p>\n<p>La nature nous offre une peinture ! Paysage sculpt\u00e9 par le vent et les mar\u00e9es, le banc du Toulinguet pr\u00e9sente une palette de couleurs et de motifs extraordinaires \u00e0 contempler en grand format.<\/p>\n","protected":false},"featured_media":800,"comment_status":"open","ping_status":"closed","template":"","meta":{"site-sidebar-layout":"default","site-content-layout":"default","ast-global-header-display":"","ast-main-header-display":"","ast-hfb-above-header-display":"","ast-hfb-below-header-display":"","ast-hfb-mobile-header-display":"","site-post-title":"","ast-breadcrumbs-content":"","ast-featured-img":"","footer-sml-layout":"","theme-transparent-header-meta":"default","adv-header-id-meta":"","stick-header-meta":"","header-above-stick-meta":"","header-main-stick-meta":"","header-below-stick-meta":"","_vp_format_video_url":"","_vp_image_focal_point":[]},"product_brand":[],"product_cat":[38,79,53],"product_tag":[76,77,78,44,47,75,73,74,48,64],"class_list":{"0":"post-795","1":"product","2":"type-product","3":"status-publish","4":"has-post-thumbnail","6":"product_cat-bassin-darcachon","7":"product_cat-carre","8":"product_cat-format","9":"product_tag-bancs","10":"product_tag-beige","11":"product_tag-brun-clair","12":"product_tag-emeraude","13":"product_tag-littoral","14":"product_tag-motifs","15":"product_tag-plaisance","16":"product_tag-sable","17":"product_tag-vagues","18":"product_tag-vert","19":"product_shipping_class-creativehub-flatrate","20":"desktop-align-left","21":"tablet-align-left","22":"mobile-align-left","24":"first","25":"instock","26":"purchasable","27":"product-type-simple"},"jetpack_sharing_enabled":true,"_links":{"self":[{"href":"https:\/\/maxime-roy.com\/en\/wp-json\/wp\/v2\/product\/795","targetHints":{"allow":["GET"]}}],"collection":[{"href":"https:\/\/maxime-roy.com\/en\/wp-json\/wp\/v2\/product"}],"about":[{"href":"https:\/\/maxime-roy.com\/en\/wp-json\/wp\/v2\/types\/product"}],"replies":[{"embeddable":true,"href":"https:\/\/maxime-roy.com\/en\/wp-json\/wp\/v2\/comments?post=795"}],"wp:featuredmedia":[{"embeddable":true,"href":"https:\/\/maxime-roy.com\/en\/wp-json\/wp\/v2\/media\/800"}],"wp:attachment":[{"href":"https:\/\/maxime-roy.com\/en\/wp-json\/wp\/v2\/media?parent=795"}],"wp:term":[{"taxonomy":"product_brand","embeddable":true,"href":"https:\/\/maxime-roy.com\/en\/wp-json\/wp\/v2\/product_brand?post=795"},{"taxonomy":"product_cat","embeddable":true,"href":"https:\/\/maxime-roy.com\/en\/wp-json\/wp\/v2\/product_cat?post=795"},{"taxonomy":"product_tag","embeddable":true,"href":"https:\/\/maxime-roy.com\/en\/wp-json\/wp\/v2\/product_tag?post=795"}],"curies":[{"name":"wp","href":"https:\/\/api.w.org\/{rel}","templated":true}]}}