{"id":5422,"date":"2025-03-22T09:52:43","date_gmt":"2025-03-22T08:52:43","guid":{"rendered":"https:\/\/maxime-roy.com\/?post_type=product&#038;p=5422"},"modified":"2025-03-22T10:01:24","modified_gmt":"2025-03-22T09:01:24","slug":"affiche-iles-bretonnes-vues-du-ciel-les-glenan","status":"publish","type":"product","link":"https:\/\/maxime-roy.com\/en\/boutique\/affiche-iles-bretonnes-vues-du-ciel-les-glenan\/","title":{"rendered":"Affiche \u00eeles bretonnes vues du ciel &#8211; Les Gl\u00e9nan"},"content":{"rendered":"<p>\ud83d\uddbc\ufe0fLA NATURE EST UNE \u0152UVRE D&#8217;ART !<br \/>\nBienvenue aux Gl\u00e9nan sur la commune de Fouesnant ! Toutes les \u00eeles et \u00eelots de l\u2019archipel y sont repr\u00e9sent\u00e9s : Penfret, Saint Nicolas \u00eele du Loc\u2019h, et aussi : \u00eele Cigogne, \u00eele de Dr\u00e9nec, \u00eele Guignenec, \u00eele de Brilimec, \u00eele de Bananec, etc.<br \/>\nLe nord se trouve \u00e0 gauche de la photo.<\/p>\n<p>\ud83d\udcf7FABRICATION<br \/>\nLa photographie a \u00e9t\u00e9 r\u00e9alis\u00e9e \u00e0 bord d&#8217;un avion de l&#8217;Institut G\u00e9ographique National entre 4000 et 5000 m\u00e8tres d&#8217;altitude au-dessus de l&#8217;archipel dans le Finist\u00e8re, France. Cette affiche a \u00e9t\u00e9 con\u00e7ue en France \ud83c\uddeb\ud83c\uddf7. Copyright : Maxime Roy x IGN 2021<\/p>\n<p>\ud83d\udcd0TAILLE et ENCADREMENT<br \/>\nVous pouvez choisir entre deux formats disponibles :<br \/>\n&#8211; A4 (21 x 29.7cm)<br \/>\n&#8211; 30 x 40 cm.<br \/>\nVous recevrez l&#8217;affiche pr\u00eate \u00e0 encadrer dans le cadre de votre choix. Les formats sont standards, pour garantir de trouver facilement un cadre qui convient \u00e0 votre d\u00e9coration int\u00e9rieure. Vous pouvez trouver un cadre en magasin de d\u00e9coration, en supermarch\u00e9 ou sur Internet.<\/p>\n<p>&nbsp;<\/p>\n<p>\ud83d\udce6TRANSPORT et PROTECTION par La Poste avec num\u00e9ro de suivi &#8211; Frais de livraison = 5 \u20ac<br \/>\nL&#8217;affiche A4 est envoy\u00e9e \u00e0 plat dans un emballage de protection pour le transport.<br \/>\nLes affiches 30 x 40 cm sont roul\u00e9es dans un tube de transport en carton recycl\u00e9. Ces emballages sont sp\u00e9cialement con\u00e7us pour prot\u00e9ger votre affiche et emp\u00eacher les dommages pendant son transport.<\/p>\n<p>\ud83d\udcc4D\u00c9TAILS TECHNIQUES<br \/>\n&#8211; PAPIER \u00c9PAIS A L&#8217;\u00c9PREUVE DU TEMPS : papier blanc mat 200 g\/m\u00b2.<br \/>\n&#8211; COULEURS \u00c9CLATANTES : impression haute qualit\u00e9 de type Gicl\u00e9e.<br \/>\n&#8211; PAPIER DURABLE : papier issu de for\u00eats g\u00e9r\u00e9es durablement et certifi\u00e9es Label FSC<\/p>\n<p>\ud83d\udc68\u200d\ud83c\udfa8L&#8217;ARTISTE<br \/>\nMaxime Roy est un artiste digital n\u00e9 en 1995. Originaire de Bordeaux, ing\u00e9nieur, \u00e9crivain et photographe, il incarne une vision moderne de la photographie a\u00e9rienne en s&#8217;appuyant sur les nouvelles technologies. Sa mission : faire p\u00e9n\u00e9trer les plus beaux paysages naturels chez vous pour se reconnecter \u00e0 la nature !<\/p>\n<p>\u2600\ufe0fCONSEILS D&#8217;ENCADREMENT<br \/>\n&#8211; D\u00e9ballage : \u00e0 la r\u00e9ception de votre colis, retirez soigneusement l&#8217;affiche de l&#8217;emballage puis v\u00e9rifiez qu&#8217;elle n&#8217;est pas endommag\u00e9e. D\u00e9roulez l&#8217;affiche et placez-la \u00e0 plat sur une table sous une pile de livres : cela sera plus facile ensuite pour l&#8217;encadrer.<br \/>\n&#8211; Verre de protection : privil\u00e9giez l&#8217;achat d&#8217;un cadre avec une vitre de protection en verre anti-reflets.<br \/>\n&#8211; Conditions d&#8217;exposition : ne placez pas l&#8217;affiche \u00e0 l&#8217;exposition directe de la lumi\u00e8re du soleil ni au-dessus d&#8217;une source de chaleur (radiateur). L&#8217;exposition prolong\u00e9e \u00e0 la lumi\u00e8re directe ab\u00eeme les couleurs de votre chauffage. Une source de chaleur fera gondoler le papier.<\/p>\n<p>\ud83d\udee9\ufe0fENVOLEZ-VOUS !<br \/>\nD\u00e9couvrez toutes les photographies de paysages vus du ciel dans la boutique !<\/p>\n","protected":false},"excerpt":{"rendered":"<p>Affiche \u00eeles bretonnes vues du ciel &#8211; Photo de Bretagne en avion<\/p>\n<p>D\u00e9coration murale facile \u00e0 encadrer \/ Formats au choix facile \u00e0 encadrer<\/p>\n","protected":false},"featured_media":5425,"comment_status":"closed","ping_status":"closed","template":"","meta":{"site-sidebar-layout":"default","site-content-layout":"default","ast-global-header-display":"","ast-main-header-display":"","ast-hfb-above-header-display":"","ast-hfb-below-header-display":"","ast-hfb-mobile-header-display":"","site-post-title":"","ast-breadcrumbs-content":"","ast-featured-img":"","footer-sml-layout":"","theme-transparent-header-meta":"default","adv-header-id-meta":"","stick-header-meta":"","header-above-stick-meta":"","header-main-stick-meta":"","header-below-stick-meta":"","_vp_format_video_url":"","_vp_image_focal_point":[]},"product_brand":[],"product_cat":[72,20,22,54],"product_tag":[],"class_list":{"0":"post-5422","1":"product","2":"type-product","3":"status-publish","4":"has-post-thumbnail","6":"product_cat-affiche","7":"product_cat-facile-a-encadrer","8":"product_cat-france","9":"product_cat-portrait","10":"product_shipping_class-affiche-par-la-poste","11":"desktop-align-left","12":"tablet-align-left","13":"mobile-align-left","15":"first","16":"instock","17":"purchasable","18":"product-type-variable","19":"has-default-attributes"},"jetpack_sharing_enabled":true,"_links":{"self":[{"href":"https:\/\/maxime-roy.com\/en\/wp-json\/wp\/v2\/product\/5422","targetHints":{"allow":["GET"]}}],"collection":[{"href":"https:\/\/maxime-roy.com\/en\/wp-json\/wp\/v2\/product"}],"about":[{"href":"https:\/\/maxime-roy.com\/en\/wp-json\/wp\/v2\/types\/product"}],"replies":[{"embeddable":true,"href":"https:\/\/maxime-roy.com\/en\/wp-json\/wp\/v2\/comments?post=5422"}],"wp:featuredmedia":[{"embeddable":true,"href":"https:\/\/maxime-roy.com\/en\/wp-json\/wp\/v2\/media\/5425"}],"wp:attachment":[{"href":"https:\/\/maxime-roy.com\/en\/wp-json\/wp\/v2\/media?parent=5422"}],"wp:term":[{"taxonomy":"product_brand","embeddable":true,"href":"https:\/\/maxime-roy.com\/en\/wp-json\/wp\/v2\/product_brand?post=5422"},{"taxonomy":"product_cat","embeddable":true,"href":"https:\/\/maxime-roy.com\/en\/wp-json\/wp\/v2\/product_cat?post=5422"},{"taxonomy":"product_tag","embeddable":true,"href":"https:\/\/maxime-roy.com\/en\/wp-json\/wp\/v2\/product_tag?post=5422"}],"curies":[{"name":"wp","href":"https:\/\/api.w.org\/{rel}","templated":true}]}}