{"id":280,"date":"2023-03-14T15:24:55","date_gmt":"2023-03-14T14:24:55","guid":{"rendered":"https:\/\/maxime-roy.com\/?post_type=product&#038;p=280"},"modified":"2025-12-28T13:14:01","modified_gmt":"2025-12-28T12:14:01","slug":"photographie-aerienne-personnalisee","status":"publish","type":"product","link":"https:\/\/maxime-roy.com\/en\/boutique\/photographie-aerienne-personnalisee\/","title":{"rendered":"Photographie a\u00e9rienne personnalis\u00e9e"},"content":{"rendered":"<h2>Comment \u00e7a marche ?<\/h2>\n<ol>\n<li>Vous souhaitez voir \u00e0 quoi ressemble votre endroit pr\u00e9f\u00e9r\u00e9 vu du ciel ?<\/li>\n<li>Demandez gratuitement votre photo personnalis\u00e9e en remplissant le formulaire : vous la recevrez demain dans votre bo\u00eete mail<\/li>\n<li>Choisissez ensuite le format et l&#8217;altitude de la prise de vue pour recevoir le tirage d&#8217;art chez vous<\/li>\n<\/ol>\n<h2 id=\"jembarque\">Recevez gratuitement un aper\u00e7u de votre photo personnalis\u00e9e<\/h2>\n<p>Remplissez le formulaire pour recevoir gratuitement un aper\u00e7u sous 24h, sans engagement d&#8217;achat.<\/p>\n<div data-test='contact-form'\n\t\t\tid='contact-form-280'\n\t\t\tclass='jetpack-contact-form-container '\n\t\t\tdata-wp-interactive='jetpack\/form' data-wp-context='{\"formId\":\"280\",\"formHash\":\"519256c9cf0a491d1f8a54bea8d448d9bc83df2c\",\"showErrors\":false,\"errors\":[],\"fields\":[],\"isMultiStep\":false,\"useAjax\":true,\"submissionData\":null,\"formattedSubmissionData\":[],\"submissionSuccess\":false,\"submissionError\":null,\"elementId\":\"jp-form-519256c9cf0a491d1f8a54bea8d448d9bc83df2c\",\"isSingleInputForm\":false,\"isForcedHorizontal\":false}'\n\t\t\tdata-wp-watch--scroll-to-wrapper=\"callbacks.scrollToWrapper\"\n\t\t>\n<div class=\"contact-form-submission contact-form-ajax-submission\" data-wp-bind--aria-hidden=\"state.isSuccessMessageAriaHidden\" data-wp-class--submission-success=\"context.submissionSuccess\" id=\"contact-form-success-519256c9cf0a491d1f8a54bea8d448d9bc83df2c\" tabindex=\"-1\" aria-labelledby=\"contact-form-success-header-519256c9cf0a491d1f8a54bea8d448d9bc83df2c\"><p class=\"go-back-message\"><a class=\"link\" role=\"button\" tabindex=\"0\" data-wp-on--click=\"actions.goBack\" href=\"\/en\/wp-json\/wp\/v2\/product\/280\">\u2190 Back<\/a><\/p><h4 data-wp-bind--aria-hidden=\"state.isSuccessMessageAriaHidden\" id=\"contact-form-success-header-519256c9cf0a491d1f8a54bea8d448d9bc83df2c\">Thank you for your response. \u2728<\/h4>\n\n<template data-wp-each--submission=\"context.formattedSubmissionData\">\n\t\t\t\t\t<div class=\"jetpack_forms_contact-form-success-summary\">\n\t\t\t\t\t\t<div class=\"field-name-wrapper\">\n\t\t\t\t\t\t\t<div class=\"field-type-icon\" data-wp-watch=\"callbacks.watchFieldTypeIcon\"><\/div>\n\t\t\t\t\t\t\t<div class=\"field-name\" data-wp-text=\"context.submission.label\" data-wp-bind--hidden=\"!context.submission.label\"><\/div>\n\t\t\t\t\t\t<\/div>\n\t\t\t\t\t\t<div class=\"field-value\" data-wp-text=\"context.submission.value\" data-wp-bind--hidden=\"!context.submission.showPlainValue\"><\/div>\n\t\t\t\t\t\t<a class=\"field-url\" data-wp-bind--href=\"context.submission.url\" data-wp-text=\"context.submission.value\" data-wp-bind--hidden=\"!context.submission.url\" target=\"_blank\" rel=\"noopener noreferrer\"><\/a>\n\t\t\t\t\t\t<div class=\"field-rating\" data-wp-bind--hidden=\"!context.submission.rating\" data-wp-watch=\"callbacks.watchRatingIcons\"><\/div>\n\t\t\t\t\t\t<div class=\"field-images\" data-wp-bind--hidden=\"!context.submission.images\">\n\t\t\t\t\t\t\t<template data-wp-each--image=\"context.submission.images\">\n\t\t\t\t\t\t\t\t<div class=\"field-image-option\" data-wp-class--is-empty=\"!context.image.src\">\n\t\t\t\t\t\t\t\t\t<figure class=\"field-image-option__image\" data-wp-class--is-empty=\"!context.image.src\">\n\t\t\t\t\t\t\t\t\t\t<img data-wp-bind--src=\"context.image.src\" data-wp-bind--hidden=\"!context.image.src\" \/>\n\t\t\t\t\t\t\t\t\t\t<img decoding=\"async\" src=\"data:image\/gif;base64,R0lGODlhAQABAAD\/ACwAAAAAAQABAAACADs=\" data-wp-bind--hidden=\"context.image.src\" \/>\n\t\t\t\t\t\t\t\t\t<\/figure>\n\t\t\t\t\t\t\t\t\t<div class=\"field-image-option__label-wrapper\">\n\t\t\t\t\t\t\t\t\t\t<span class=\"field-image-option__label-code\" data-wp-text=\"context.image.letterCode\"><\/span>\n\t\t\t\t\t\t\t\t\t\t<span class=\"field-image-option__label\" data-wp-text=\"context.image.label\" data-wp-bind--hidden=\"!context.image.label\"><\/span>\n\t\t\t\t\t\t\t\t\t<\/div>\n\t\t\t\t\t\t\t\t<\/div>\n\t\t\t\t\t\t\t<\/template>\n\t\t\t\t\t\t<\/div>\n\t\t\t\t\t\t<div class=\"field-files\" data-wp-bind--hidden=\"!context.submission.files\">\n\t\t\t\t\t\t\t<template data-wp-each--file=\"context.submission.files\">\n\t\t\t\t\t\t\t\t<div class=\"field-file\">\n\t\t\t\t\t\t\t\t\t<div class=\"field-file__thumbnail\" data-wp-style--background-image=\"context.file.previewUrl\" data-wp-style--mask-image=\"context.file.iconUrl\" data-wp-bind--hidden=\"!context.file.hasPreview\"><\/div>\n\t\t\t\t\t\t\t\t\t<svg class=\"field-file__icon\" data-wp-bind--hidden=\"context.file.hasPreview\" width=\"20\" height=\"20\" viewBox=\"0 0 24 24\" fill=\"none\" xmlns=\"http:\/\/www.w3.org\/2000\/svg\" aria-hidden=\"true\">\n\t\t\t\t\t\t\t\t\t\t<path d=\"M14 2H6C4.9 2 4 2.9 4 4V20C4 21.1 4.89 22 5.99 22H18C19.1 22 20 21.1 20 20V8L14 2ZM18 20H6V4H13V9H18V20Z\" fill=\"currentColor\"\/>\n\t\t\t\t\t\t\t\t\t<\/svg>\n\t\t\t\t\t\t\t\t\t<span class=\"field-file__name\" data-wp-text=\"context.file.name\"><\/span>\n\t\t\t\t\t\t\t\t\t<span class=\"field-file__size\" data-wp-text=\"context.file.size\"><\/span>\n\t\t\t\t\t\t\t\t<\/div>\n\t\t\t\t\t\t\t<\/template>\n\t\t\t\t\t\t<\/div>\n\t\t\t\t\t<\/div>\n\t\t\t\t<\/template><\/div><form action='https:\/\/maxime-roy.com\/en\/boutique\/photographie-aerienne-personnalisee\/'\n\t\t\t\tid='jp-form-519256c9cf0a491d1f8a54bea8d448d9bc83df2c'\n\t\t\t\tmethod='post'\n\t\t\t\tclass='contact-form commentsblock jetpack-contact-form__form has-no-jetpack-form-layout' aria-label=\"Photographie a\u00e9rienne personnalis\u00e9e\"\n\t\t\t\tdata-wp-on--submit=\"actions.onFormSubmit\"\n\t\t\t\tdata-wp-on--reset=\"actions.onFormReset\"\n\t\t\t\tdata-wp-class--submission-success=\"context.submissionSuccess\"\n\t\t\t\tdata-wp-class--is-first-step=\"state.isFirstStep\"\n\t\t\t\tdata-wp-class--is-last-step=\"state.isLastStep\"\n\t\t\t\tdata-wp-class--is-ajax-form=\"context.useAjax\"\n\t\t\t\tnovalidate >\n<input type='hidden' name='jetpack_contact_form_jwt' value='eyJ0eXAiOiJKV1QiLCJhbGciOiJIUzI1NiJ9.eyJlbmNyeXB0ZWRfYXR0cmlidXRlcyI6IkMxQ1BUN2NYL2NQdmxvSHRSZW04dEV1dDVmL0N5bEdTUUF5N0V5LzZET0llNThzVTdSYU5ZOG5ZRFRSbHN2a05tcEFQUzVtclk3Y1dncjl0amZqT1h1M3d6RTcxWGhFbUd1ZTFFTkgzcGJpUmthY0dMczhRcmhPZ1lkNVpSNUFZTjYyWXBsQUR0QVpLMzlLU2NvcWRDYUl0K1lYaXA5ckdHK2VqemlaWWlMVXFyYjZyZklXbU9ZWU1wTHROUGdYWHp4N1FCenNVS1Y1ZU1UQU5qNEVnVDdNeHlVUk5hbkpvckZJMlJvQjkrRE0vWGpBL1JxWGpzcVZ6N0NuR1RoM3NTL3NCeEJzWkd3Rk5QNGVJZG9LczA4T2lYVlJYc1FxR0t2RGtUR3B0djhNdGp3cXBJMUZqU3hHT2hSenZubGlweVRPWlA0ejg3TmUrdU9FRzBOeEQ5ZllTQnQveEhCNlk0SElaUFN1RzlLc2RJYXhZOXZ3aWVDUXNYaVZSUUNmVWpMM0lkc1kxS2ttbEUwQm5LVk5VVkFhMG4vSjdhcWJnUFRFZStnY1NUYkphNGNHQUo0WkpPcG1DekZvMGxESUwwbTJhNkk0VFpLZVpmaFZ1SFp6STBEVFh4MlZFczBtcmw4Q3gwWndWdXdBMVI4NmdYVXVLT3BwZDN5VWhYcFVaSWkxVStnamRNS0VwYjA3a2xKWFZ3UXJKV2NnakJ0QzIwRHpoTHZXQzllOWRscGR2Ri9WYU1NSXpybXhMYnRraUpkUGw5Unlkb0dOamwzczFaV280a0laQ05NN24zanc3WVVtSklwdVJxQ3NUdDVVV0E4OTBHbnEyaUhCSnVGeW9YeVAySUh2MmFlMTZNQVYwc1h1N0REV0hNMm5pUE9KYUJMUEk2NWNObUFPRlhEcEh2aWp1eHBpRzdzRllNRlNmOVlqdHlKWEkyWmhMOUNOQUpDR3ZScllPUjhLMEkrbGpsU2RYbjRxc1Rubk8waGJoS05xN1ppM2tnSGloOTZJaDlZZDJuaUZwYWlmQ3ZMcGZaa0pYUmY0ZzlrcXhJSytjMkdWcCtTSEhkQW9EaXRsamVyM2E5SFNlcllaekoxU2dWUnA1T3UrU01jSlczNXFGOWwxMnhmU2lQNzhIc0JFZmt3OGZuQTUvcUpqcHIzNmFkaWtCM21SYWV2a25jMTBPbGs5VTRSbTB4aXpjNmVSTnBKUT0iLCJjb250ZW50IjoiW2NvbnRhY3QtZmllbGQgbGFiZWw9XCJWb3Mgbm9tIGV0IHByXHUwMGU5bm9tXCIgdHlwZT1cInRleHRcIiByZXF1aXJlZD1cIjFcIl1bY29udGFjdC1maWVsZCBsYWJlbD1cIkxlIGxpZXUgcXVpIHZvdXMgaW50XHUwMGU5cmVzc2UuIEV4ZW1wbGVzIDogbWEgbWFpc29uIDsgbGUgdmlsbGFnZSBkZSBOb256YSBlbiBDb3JzZSA7IGwnXHUwMGVlbGUgZGUgUlx1MDBlOVwiIHR5cGU9XCJ0ZXh0XCIgcmVxdWlyZWQ9XCIxXCJdW2NvbnRhY3QtZmllbGQgbGFiZWw9XCJWb3RyZSBhZHJlc3NlIGVtYWlsXCIgdHlwZT1cImVtYWlsXCIgcmVxdWlyZWQ9XCIxXCJdW2NvbnRhY3QtZmllbGQgbGFiZWw9XCJWb3RyZSBudW1cdTAwZTlybyBkZSB0XHUwMGU5bFx1MDBlOXBob25lXCIgdHlwZT1cInRleHRcIiByZXF1aXJlZD1cIjFcIl0iLCJoYXNoIjoiNTE5MjU2YzljZjBhNDkxZDFmOGE1NGJlYThkNDQ4ZDliYzgzZGYyYyIsInNvdXJjZSI6eyJlbnRyeV90aXRsZSI6IlBob3RvZ3JhcGhpZSBhXHUwMGU5cmllbm5lIHBlcnNvbm5hbGlzXHUwMGU5ZSIsImVudHJ5X3BhZ2UiOjEsInNvdXJjZV9pZCI6MjgwLCJzb3VyY2VfdHlwZSI6InNpbmdsZSIsInJlcXVlc3RfdXJsIjoiaHR0cHM6Ly9tYXhpbWUtcm95LmNvbS9lbi93cC1qc29uL3dwL3YyL3Byb2R1Y3QvMjgwLyJ9LCJ2ZXJzaW9uIjoyLCJjaXBoZXIiOiJhZXMtMjU2LWdjbSJ9.sqsnTlTRLw106B5NrPs4pyBv4RXgJ6Frs4h0w-mGNMQ' \/>\n\n<div style=\"\"  data-wp-interactive=\"jetpack\/form\" data-wp-context='{\"fieldId\":\"g280-vosnometprnom\",\"fieldType\":\"text\",\"fieldLabel\":\"Vos nom et pr\\u00e9nom\",\"fieldValue\":\"\",\"fieldPlaceholder\":\"\",\"fieldIsRequired\":\"1\",\"fieldErrorMessage\":\"\",\"fieldExtra\":[],\"formHash\":\"519256c9cf0a491d1f8a54bea8d448d9bc83df2c\"}'  class='grunion-field-text-wrap grunion-field-wrap'  data-wp-init='callbacks.initializeField' data-wp-on--jetpack-form-reset='callbacks.initializeField' >\n<label\n\t\t\t\tfor='g280-vosnometprnom' class=\"grunion-field-label text\" >Vos nom et pr\u00e9nom<span class=\"grunion-label-required\" aria-hidden=\"true\">(required)<\/span><\/label>\n<input\n\t\t\t\t\ttype='text'\n\t\t\t\t\tname='g280-vosnometprnom'\n\t\t\t\t\tid='g280-vosnometprnom'\n\t\t\t\t\tvalue=''\n\n\t\t\t\t\tdata-wp-bind--aria-invalid='state.fieldAriaInvalid'\n\t\t\t\t\tdata-wp-bind--value='state.getFieldValue'\n\t\t\t\t\taria-describedby='g280-vosnometprnom-text-error-message'\n\t\t\t\t\tdata-wp-on--input='actions.onFieldChange'\n\t\t\t\t\tdata-wp-on--blur='actions.onFieldBlur'\n\t\t\t\t\tdata-wp-class--has-value='state.hasFieldValue'\n\n\t\t\t\t\tclass='text  grunion-field' \n\t\t\t\t\trequired='true' aria-required='true'  \/>\n \n\t\t\t<div id=\"g280-vosnometprnom-text-error\" class=\"contact-form__input-error\" data-wp-class--has-errors=\"state.fieldHasErrors\">\n\t\t\t\t<span class=\"contact-form__warning-icon\" aria-hidden=\"true\">\n\t\t\t\t\t<svg width=\"16\" height=\"16\" viewBox=\"0 0 16 16\" fill=\"none\" xmlns=\"http:\/\/www.w3.org\/2000\/svg\">\n\t\t\t\t\t\t<path d=\"M8.50015 11.6402H7.50015V10.6402H8.50015V11.6402Z\" \/>\n\t\t\t\t\t\t<path d=\"M7.50015 9.64018H8.50015V6.30684H7.50015V9.64018Z\" \/>\n\t\t\t\t\t\t<path fill-rule=\"evenodd\" clip-rule=\"evenodd\" d=\"M6.98331 3.0947C7.42933 2.30177 8.57096 2.30177 9.01698 3.09469L13.8771 11.7349C14.3145 12.5126 13.7525 13.4735 12.8602 13.4735H3.14004C2.24774 13.4735 1.68575 12.5126 2.12321 11.7349L6.98331 3.0947ZM8.14541 3.58496C8.08169 3.47168 7.9186 3.47168 7.85488 3.58496L2.99478 12.2251C2.93229 12.3362 3.01257 12.4735 3.14004 12.4735H12.8602C12.9877 12.4735 13.068 12.3362 13.0055 12.2251L8.14541 3.58496Z\" \/>\n\t\t\t\t\t<\/svg>\n\t\t\t\t<\/span>\n\t\t\t\t<span data-wp-text=\"state.errorMessage\" id=\"g280-vosnometprnom-text-error-message\"><\/span>\n\t\t\t<\/div> \n\t<\/div>\n\n<div style=\"\"  data-wp-interactive=\"jetpack\/form\" data-wp-context='{\"fieldId\":\"g280-lelieuquivousintresse-exemplesmamaisonlevillagedenonzaencorselleder\",\"fieldType\":\"text\",\"fieldLabel\":\"Le lieu qui vous int\\u00e9resse. Exemples : ma maison ; le village de Nonza en Corse ; l\\u0027\\u00eele de R\\u00e9\",\"fieldValue\":\"\",\"fieldPlaceholder\":\"\",\"fieldIsRequired\":\"1\",\"fieldErrorMessage\":\"\",\"fieldExtra\":[],\"formHash\":\"519256c9cf0a491d1f8a54bea8d448d9bc83df2c\"}'  class='grunion-field-text-wrap grunion-field-wrap'  data-wp-init='callbacks.initializeField' data-wp-on--jetpack-form-reset='callbacks.initializeField' >\n<label\n\t\t\t\tfor='g280-lelieuquivousintresse-exemplesmamaisonlevillagedenonzaencorselleder' class=\"grunion-field-label text\" >Le lieu qui vous int\u00e9resse. Exemples : ma maison ; le village de Nonza en Corse ; l'\u00eele de R\u00e9<span class=\"grunion-label-required\" aria-hidden=\"true\">(required)<\/span><\/label>\n<input\n\t\t\t\t\ttype='text'\n\t\t\t\t\tname='g280-lelieuquivousintresse-exemplesmamaisonlevillagedenonzaencorselleder'\n\t\t\t\t\tid='g280-lelieuquivousintresse-exemplesmamaisonlevillagedenonzaencorselleder'\n\t\t\t\t\tvalue=''\n\n\t\t\t\t\tdata-wp-bind--aria-invalid='state.fieldAriaInvalid'\n\t\t\t\t\tdata-wp-bind--value='state.getFieldValue'\n\t\t\t\t\taria-describedby='g280-lelieuquivousintresse-exemplesmamaisonlevillagedenonzaencorselleder-text-error-message'\n\t\t\t\t\tdata-wp-on--input='actions.onFieldChange'\n\t\t\t\t\tdata-wp-on--blur='actions.onFieldBlur'\n\t\t\t\t\tdata-wp-class--has-value='state.hasFieldValue'\n\n\t\t\t\t\tclass='text  grunion-field' \n\t\t\t\t\trequired='true' aria-required='true'  \/>\n \n\t\t\t<div id=\"g280-lelieuquivousintresse-exemplesmamaisonlevillagedenonzaencorselleder-text-error\" class=\"contact-form__input-error\" data-wp-class--has-errors=\"state.fieldHasErrors\">\n\t\t\t\t<span class=\"contact-form__warning-icon\" aria-hidden=\"true\">\n\t\t\t\t\t<svg width=\"16\" height=\"16\" viewBox=\"0 0 16 16\" fill=\"none\" xmlns=\"http:\/\/www.w3.org\/2000\/svg\">\n\t\t\t\t\t\t<path d=\"M8.50015 11.6402H7.50015V10.6402H8.50015V11.6402Z\" \/>\n\t\t\t\t\t\t<path d=\"M7.50015 9.64018H8.50015V6.30684H7.50015V9.64018Z\" \/>\n\t\t\t\t\t\t<path fill-rule=\"evenodd\" clip-rule=\"evenodd\" d=\"M6.98331 3.0947C7.42933 2.30177 8.57096 2.30177 9.01698 3.09469L13.8771 11.7349C14.3145 12.5126 13.7525 13.4735 12.8602 13.4735H3.14004C2.24774 13.4735 1.68575 12.5126 2.12321 11.7349L6.98331 3.0947ZM8.14541 3.58496C8.08169 3.47168 7.9186 3.47168 7.85488 3.58496L2.99478 12.2251C2.93229 12.3362 3.01257 12.4735 3.14004 12.4735H12.8602C12.9877 12.4735 13.068 12.3362 13.0055 12.2251L8.14541 3.58496Z\" \/>\n\t\t\t\t\t<\/svg>\n\t\t\t\t<\/span>\n\t\t\t\t<span data-wp-text=\"state.errorMessage\" id=\"g280-lelieuquivousintresse-exemplesmamaisonlevillagedenonzaencorselleder-text-error-message\"><\/span>\n\t\t\t<\/div> \n\t<\/div>\n\n<div style=\"\"  data-wp-interactive=\"jetpack\/form\" data-wp-context='{\"fieldId\":\"g280-votreadresseemail\",\"fieldType\":\"email\",\"fieldLabel\":\"Votre adresse email\",\"fieldValue\":\"\",\"fieldPlaceholder\":\"\",\"fieldIsRequired\":\"1\",\"fieldErrorMessage\":\"\",\"fieldExtra\":[],\"formHash\":\"519256c9cf0a491d1f8a54bea8d448d9bc83df2c\"}'  class='grunion-field-email-wrap grunion-field-wrap'  data-wp-init='callbacks.initializeField' data-wp-on--jetpack-form-reset='callbacks.initializeField' >\n<label\n\t\t\t\tfor='g280-votreadresseemail' class=\"grunion-field-label email\" >Votre adresse email<span class=\"grunion-label-required\" aria-hidden=\"true\">(required)<\/span><\/label>\n<input\n\t\t\t\t\ttype='email'\n\t\t\t\t\tname='g280-votreadresseemail'\n\t\t\t\t\tid='g280-votreadresseemail'\n\t\t\t\t\tvalue=''\n\n\t\t\t\t\tdata-wp-bind--aria-invalid='state.fieldAriaInvalid'\n\t\t\t\t\tdata-wp-bind--value='state.getFieldValue'\n\t\t\t\t\taria-describedby='g280-votreadresseemail-email-error-message'\n\t\t\t\t\tdata-wp-on--input='actions.onFieldChange'\n\t\t\t\t\tdata-wp-on--blur='actions.onFieldBlur'\n\t\t\t\t\tdata-wp-class--has-value='state.hasFieldValue'\n\n\t\t\t\t\tclass='email  grunion-field' \n\t\t\t\t\trequired='true' aria-required='true'  \/>\n \n\t\t\t<div id=\"g280-votreadresseemail-email-error\" class=\"contact-form__input-error\" data-wp-class--has-errors=\"state.fieldHasErrors\">\n\t\t\t\t<span class=\"contact-form__warning-icon\" aria-hidden=\"true\">\n\t\t\t\t\t<svg width=\"16\" height=\"16\" viewBox=\"0 0 16 16\" fill=\"none\" xmlns=\"http:\/\/www.w3.org\/2000\/svg\">\n\t\t\t\t\t\t<path d=\"M8.50015 11.6402H7.50015V10.6402H8.50015V11.6402Z\" \/>\n\t\t\t\t\t\t<path d=\"M7.50015 9.64018H8.50015V6.30684H7.50015V9.64018Z\" \/>\n\t\t\t\t\t\t<path fill-rule=\"evenodd\" clip-rule=\"evenodd\" d=\"M6.98331 3.0947C7.42933 2.30177 8.57096 2.30177 9.01698 3.09469L13.8771 11.7349C14.3145 12.5126 13.7525 13.4735 12.8602 13.4735H3.14004C2.24774 13.4735 1.68575 12.5126 2.12321 11.7349L6.98331 3.0947ZM8.14541 3.58496C8.08169 3.47168 7.9186 3.47168 7.85488 3.58496L2.99478 12.2251C2.93229 12.3362 3.01257 12.4735 3.14004 12.4735H12.8602C12.9877 12.4735 13.068 12.3362 13.0055 12.2251L8.14541 3.58496Z\" \/>\n\t\t\t\t\t<\/svg>\n\t\t\t\t<\/span>\n\t\t\t\t<span data-wp-text=\"state.errorMessage\" id=\"g280-votreadresseemail-email-error-message\"><\/span>\n\t\t\t<\/div> \n\t<\/div>\n\n<div style=\"\"  data-wp-interactive=\"jetpack\/form\" data-wp-context='{\"fieldId\":\"g280-votrenumrodetlphone\",\"fieldType\":\"text\",\"fieldLabel\":\"Votre num\\u00e9ro de t\\u00e9l\\u00e9phone\",\"fieldValue\":\"\",\"fieldPlaceholder\":\"\",\"fieldIsRequired\":\"1\",\"fieldErrorMessage\":\"\",\"fieldExtra\":[],\"formHash\":\"519256c9cf0a491d1f8a54bea8d448d9bc83df2c\"}'  class='grunion-field-text-wrap grunion-field-wrap'  data-wp-init='callbacks.initializeField' data-wp-on--jetpack-form-reset='callbacks.initializeField' >\n<label\n\t\t\t\tfor='g280-votrenumrodetlphone' class=\"grunion-field-label text\" >Votre num\u00e9ro de t\u00e9l\u00e9phone<span class=\"grunion-label-required\" aria-hidden=\"true\">(required)<\/span><\/label>\n<input\n\t\t\t\t\ttype='text'\n\t\t\t\t\tname='g280-votrenumrodetlphone'\n\t\t\t\t\tid='g280-votrenumrodetlphone'\n\t\t\t\t\tvalue=''\n\n\t\t\t\t\tdata-wp-bind--aria-invalid='state.fieldAriaInvalid'\n\t\t\t\t\tdata-wp-bind--value='state.getFieldValue'\n\t\t\t\t\taria-describedby='g280-votrenumrodetlphone-text-error-message'\n\t\t\t\t\tdata-wp-on--input='actions.onFieldChange'\n\t\t\t\t\tdata-wp-on--blur='actions.onFieldBlur'\n\t\t\t\t\tdata-wp-class--has-value='state.hasFieldValue'\n\n\t\t\t\t\tclass='text  grunion-field' \n\t\t\t\t\trequired='true' aria-required='true'  \/>\n \n\t\t\t<div id=\"g280-votrenumrodetlphone-text-error\" class=\"contact-form__input-error\" data-wp-class--has-errors=\"state.fieldHasErrors\">\n\t\t\t\t<span class=\"contact-form__warning-icon\" aria-hidden=\"true\">\n\t\t\t\t\t<svg width=\"16\" height=\"16\" viewBox=\"0 0 16 16\" fill=\"none\" xmlns=\"http:\/\/www.w3.org\/2000\/svg\">\n\t\t\t\t\t\t<path d=\"M8.50015 11.6402H7.50015V10.6402H8.50015V11.6402Z\" \/>\n\t\t\t\t\t\t<path d=\"M7.50015 9.64018H8.50015V6.30684H7.50015V9.64018Z\" \/>\n\t\t\t\t\t\t<path fill-rule=\"evenodd\" clip-rule=\"evenodd\" d=\"M6.98331 3.0947C7.42933 2.30177 8.57096 2.30177 9.01698 3.09469L13.8771 11.7349C14.3145 12.5126 13.7525 13.4735 12.8602 13.4735H3.14004C2.24774 13.4735 1.68575 12.5126 2.12321 11.7349L6.98331 3.0947ZM8.14541 3.58496C8.08169 3.47168 7.9186 3.47168 7.85488 3.58496L2.99478 12.2251C2.93229 12.3362 3.01257 12.4735 3.14004 12.4735H12.8602C12.9877 12.4735 13.068 12.3362 13.0055 12.2251L8.14541 3.58496Z\" \/>\n\t\t\t\t\t<\/svg>\n\t\t\t\t<\/span>\n\t\t\t\t<span data-wp-text=\"state.errorMessage\" id=\"g280-votrenumrodetlphone-text-error-message\"><\/span>\n\t\t\t<\/div> \n\t<\/div>\n\t<p class='contact-submit'>\n<div class=\"contact-form__error\" data-wp-class--show-errors=\"state.showFormErrors\"><span class=\"contact-form__warning-icon\" aria-hidden=\"true\"><i><\/i><\/span><span class=\"contact-form__error-message\" tabindex=\"-1\" data-wp-watch=\"callbacks.focusOnValidationError\" data-wp-text=\"state.getFormErrorMessage\"><\/span><ul aria-label=\"Form errors\">\n\t\t\t\t<template data-wp-each=\"state.getErrorList\" data-wp-key=\"context.item.id\">\n\t\t\t\t\t<li><a data-wp-bind--href=\"context.item.anchor\" data-wp-on--click=\"actions.scrollIntoView\" data-wp-text=\"context.item.label\"><\/a><\/li>\n\t\t\t\t<\/template>\n\t\t\t\t<\/ul><\/div><div class=\"contact-form__error\" data-wp-class--show-errors=\"state.showSubmissionError\" data-wp-text=\"context.submissionError\" tabindex=\"-1\" data-wp-watch=\"callbacks.focusOnSubmissionError\"><\/div>\t\t<button type='submit' class='pushbutton-wide'>Submit<\/button>\t\t<input type='hidden' name='contact-form-id' value='280' \/>\n\t\t<input type='hidden' name='action' value='grunion-contact-form' \/>\n\t\t<input type='hidden' name='contact-form-hash' value='519256c9cf0a491d1f8a54bea8d448d9bc83df2c' \/>\n\t<\/p>\n<p style=\"display: none !important;\" class=\"akismet-fields-container\" data-prefix=\"ak_\"><label>&#916;<textarea name=\"ak_hp_textarea\" cols=\"45\" rows=\"8\" maxlength=\"100\"><\/textarea><\/label><input type=\"hidden\" id=\"ak_js_1\" name=\"ak_js\" value=\"84\"\/><script data-jetpack-boost=\"ignore\">\ndocument.getElementById( \"ak_js_1\" ).setAttribute( \"value\", ( new Date() ).getTime() );\n<\/script>\n<\/p><\/form>\n<\/div>\n<h2><\/h2>\n<h2>Un tirage unique \u00e0 votre image<\/h2>\n<p>Tirage sur papier photo argentique mat 220g (qualit\u00e9 mus\u00e9e).<\/p>\n<p>Votre tirage est r\u00e9alis\u00e9 sur papier photo de qualit\u00e9 professionnelle par mon laboratoire partenaire. La qualit\u00e9 des encres et du papier vous garantit une <strong>conservation parfaite des couleurs <\/strong>pendant 40 ans en situation d\u2019exposition (\u00e0 la lumi\u00e8re du jour, en int\u00e9rieur et sans exposition \u00e0 la chaleur ou l\u2019humidit\u00e9).<\/p>\n<h2>Livraison<\/h2>\n<p>Transporteur : La Poste Colissimo avec suivi.<br \/>\n<strong>D\u00e9lai : 5 jours ouvr\u00e9s<\/strong>.<br \/>\nEmballage : le tirage est roul\u00e9 dans du papier de soie pour prot\u00e9ger les encres du contact avec le carton, puis ins\u00e9r\u00e9 en rouleau dans un emballage avec protection renforc\u00e9e en carton recycl\u00e9. Je vous le garantis : votre tirage n\u2019arrivera jamais pli\u00e9 en mauvais \u00e9tat.<\/p>\n","protected":false},"excerpt":{"rendered":"<p>Le cadeau id\u00e9al pour prendre de la hauteur !<br \/>\nVous choisissez :<br \/>\n\u2013 le lieu de la photographie : n\u2019importe o\u00f9 en France<br \/>\n\u2013 l\u2019altitude de la photo<br \/>\n\u2013 le format du tirage (portrait, paysage, carr\u00e9, panoramique &#8211; taille maximum = 50 x 70 cm)<\/p>\n<h4>Demandez un aper\u00e7u de votre photo a\u00e9rienne personnalis\u00e9e<strong><br \/>\n<\/strong><\/h4>\n<h3><a href=\"#jembarque\">J&#8217;essaye gratuitement<\/a><\/h3>\n","protected":false},"featured_media":336,"comment_status":"closed","ping_status":"closed","template":"","meta":{"site-sidebar-layout":"default","site-content-layout":"default","ast-global-header-display":"","ast-main-header-display":"","ast-hfb-above-header-display":"","ast-hfb-below-header-display":"","ast-hfb-mobile-header-display":"","site-post-title":"","ast-breadcrumbs-content":"","ast-featured-img":"","footer-sml-layout":"","theme-transparent-header-meta":"default","adv-header-id-meta":"","stick-header-meta":"","header-above-stick-meta":"","header-main-stick-meta":"","header-below-stick-meta":"","_vp_format_video_url":"","_vp_image_focal_point":[]},"product_brand":[],"product_cat":[38,19],"product_tag":[],"class_list":{"0":"post-280","1":"product","2":"type-product","3":"status-publish","4":"has-post-thumbnail","6":"product_cat-bassin-darcachon","7":"product_cat-tirage-dart","8":"desktop-align-left","9":"tablet-align-left","10":"mobile-align-left","12":"first","13":"instock","14":"virtual","15":"purchasable","16":"product-type-simple"},"jetpack_sharing_enabled":true,"_links":{"self":[{"href":"https:\/\/maxime-roy.com\/en\/wp-json\/wp\/v2\/product\/280","targetHints":{"allow":["GET"]}}],"collection":[{"href":"https:\/\/maxime-roy.com\/en\/wp-json\/wp\/v2\/product"}],"about":[{"href":"https:\/\/maxime-roy.com\/en\/wp-json\/wp\/v2\/types\/product"}],"replies":[{"embeddable":true,"href":"https:\/\/maxime-roy.com\/en\/wp-json\/wp\/v2\/comments?post=280"}],"wp:featuredmedia":[{"embeddable":true,"href":"https:\/\/maxime-roy.com\/en\/wp-json\/wp\/v2\/media\/336"}],"wp:attachment":[{"href":"https:\/\/maxime-roy.com\/en\/wp-json\/wp\/v2\/media?parent=280"}],"wp:term":[{"taxonomy":"product_brand","embeddable":true,"href":"https:\/\/maxime-roy.com\/en\/wp-json\/wp\/v2\/product_brand?post=280"},{"taxonomy":"product_cat","embeddable":true,"href":"https:\/\/maxime-roy.com\/en\/wp-json\/wp\/v2\/product_cat?post=280"},{"taxonomy":"product_tag","embeddable":true,"href":"https:\/\/maxime-roy.com\/en\/wp-json\/wp\/v2\/product_tag?post=280"}],"curies":[{"name":"wp","href":"https:\/\/api.w.org\/{rel}","templated":true}]}}