{"id":259,"date":"2023-03-05T08:41:21","date_gmt":"2023-03-05T07:41:21","guid":{"rendered":"https:\/\/maxime-roy.com\/?post_type=product&#038;p=259"},"modified":"2026-04-22T18:57:56","modified_gmt":"2026-04-22T16:57:56","slug":"la-dune-du-pilat","status":"publish","type":"product","link":"https:\/\/maxime-roy.com\/en\/boutique\/la-dune-du-pilat\/","title":{"rendered":"La dune du Pilat"},"content":{"rendered":"<p>Tirage sur papier photo argentique mat 220g (qualit\u00e9 mus\u00e9e).<\/p>\n<h2>Photographie<\/h2>\n<p>Le clich\u00e9 a \u00e9t\u00e9 r\u00e9alis\u00e9 en ao\u00fbt 2021 par l&#8217;Institut G\u00e9ographique National \u00e0 bord d&#8217;un avion Beechcraft King Air 200 au-dessus de la dune du Pilat (Gironde).<\/p>\n<h2>\u00c9dition limit\u00e9e et certificat d&#8217;authenticit\u00e9<\/h2>\n<p>Cette photographie est disponible en <strong>30 exemplaires<\/strong> au format carr\u00e9 30 x 30 centim\u00e8tres. Chaque exemplaire est accompagn\u00e9 d&#8217;un certificat d&#8217;authenticit\u00e9 num\u00e9rot\u00e9.<\/p>\n<p><iframe loading=\"lazy\" title=\"YouTube video player\" src=\"https:\/\/www.youtube.com\/embed\/6Jl3urNAIMw?controls=0&amp;autoplay=1\" width=\"560\" height=\"315\" frameborder=\"0\" allowfullscreen=\"allowfullscreen\"><\/iframe><\/p>\n<h2>Encres et papier<\/h2>\n<p>Le tirage est r\u00e9alis\u00e9 sur papier photo de qualit\u00e9 professionnelle par mon laboratoire partenaire. La qualit\u00e9 des encres et du papier vous garantit une <strong>conservation parfaite des couleurs <\/strong>pendant 40 ans en situation d&#8217;exposition (\u00e0 la lumi\u00e8re du jour, en int\u00e9rieur et sans exposition \u00e0 la chaleur ou l&#8217;humidit\u00e9).<\/p>\n<h2>Encadrement<\/h2>\n<p>Le cadre n&#8217;est pas livr\u00e9 avec le tirage. <a href=\"https:\/\/maxime-roy.com\/solutions-dencadrement\/\">Consultez la page &#8220;Cadres et encadrement&#8221;<\/a> pour <strong>trouver un cadre adapt\u00e9 \u00e0 votre int\u00e9rieur<\/strong>.<br \/>\nSi vous souhaitez recevoir un tirage encadr\u00e9, c&#8217;est possible ! Dans ce cas, contactez-moi avant de passer commande (mes coordonn\u00e9es sont en bas de cette page).<\/p>\n<h2>Livraison<\/h2>\n<p>Transporteur : La Poste Colissimo avec suivi.<br \/>\n<strong>D\u00e9lai : 5 jours ouvr\u00e9s<\/strong>. Par exemple, si vous passez commande le samedi ou le dimanche, vous recevrez le colis chez vous le vendredi suivant.<br \/>\nEmballage : le tirage est d\u00e9pos\u00e9 dans du papier de soie pour prot\u00e9ger les encres du contact avec le carton, puis emball\u00e9 \u00e0 plat dans un emballage avec protection renforc\u00e9e en carton recycl\u00e9. Je vous le garantis : votre tirage n&#8217;arrivera jamais pli\u00e9 en mauvais \u00e9tat.<\/p>\n<h2><a href=\"https:\/\/maxime-roy.com\/collection-bassin-arcachon\/\">La collection de photographies d&#8217;art &#8220;Le Bassin d&#8217;Arcachon&#8221;<\/a><\/h2>\n<p>Le tableau &#8220;La dune du Pilat&#8221; fait partie de <a href=\"https:\/\/maxime-roy.com\/collection-bassin-arcachon\/\">la collection de tableaux sur le th\u00e8me du Bassin d&#8217;Arcachon<\/a>. D\u00e9couvrez les autres tableaux de la collection : <a href=\"https:\/\/maxime-roy.com\/boutique\/coeur-de-lege\/\">C\u0153ur de L\u00e8ge : un c\u0153ur dans la for\u00eat du Cap Ferret<\/a>, <a href=\"https:\/\/maxime-roy.com\/boutique\/banc-d-arguin-au-naturel\/\">le Banc d&#8217;Arguin<\/a>, <a href=\"https:\/\/maxime-roy.com\/boutique\/couleurs-de-leyre\/\">le Delta de la Leyre : la rivi\u00e8re qui a donn\u00e9 naissance au Bassin d&#8217;Arcachon<\/a>, <a href=\"https:\/\/maxime-roy.com\/boutique\/ile-aux-oiseaux\/\">l&#8217;Ile aux Oiseaux : un paradis au c\u0153ur du bassin bord\u00e9 par les c\u00e9l\u00e8bres cabanes tchanqu\u00e9es<\/a>, <a href=\"https:\/\/maxime-roy.com\/boutique\/ecume-du-jour\/\">\u00c9cume du jour : les plages oc\u00e9anes du Cap Ferret<\/a> et enfin <a href=\"https:\/\/maxime-roy.com\/boutique\/bassin-d-arcachon\/\">le tableau de tout le Bassin d&#8217;Arcachon<\/a>.<\/p>\n","protected":false},"excerpt":{"rendered":"<p><em>Tout en haut de la dune du Pilat<\/em><br \/>\nPhotographie a\u00e9rienne de la dune du Pilat (2021)<br \/>\n<strong>Format<\/strong> 30 x 30 cm<br \/>\n<strong>Tirage argentique<\/strong> sur papier photo 220 g<br \/>\n<strong>\u00c9dition limit\u00e9e<\/strong> \u00e0 30 exemplaires num\u00e9rot\u00e9s<\/p>\n<p>Embellissez votre int\u00e9rieur avec un clich\u00e9 a\u00e9rien de la dune du Pilat ! Ce format carr\u00e9 met en avant la masse dunaire imposante de ce lieu embl\u00e9matique du bassin d&#8217;Arcachon. Exposez fi\u00e8rement cette \u0153uvre de la nature dans votre salon ! Vous exprimerez ainsi votre attachement \u00e0 ce paysage et vos invit\u00e9s s&#8217;en approcheront avec int\u00e9r\u00eat !<\/p>\n","protected":false},"featured_media":832,"comment_status":"open","ping_status":"closed","template":"","meta":{"site-sidebar-layout":"default","site-content-layout":"default","ast-global-header-display":"","ast-main-header-display":"","ast-hfb-above-header-display":"","ast-hfb-below-header-display":"","ast-hfb-mobile-header-display":"","site-post-title":"","ast-breadcrumbs-content":"","ast-featured-img":"","footer-sml-layout":"","theme-transparent-header-meta":"default","adv-header-id-meta":"","stick-header-meta":"","header-above-stick-meta":"","header-main-stick-meta":"","header-below-stick-meta":"","_vp_format_video_url":"","_vp_image_focal_point":[]},"product_brand":[],"product_cat":[38],"product_tag":[],"class_list":{"0":"post-259","1":"product","2":"type-product","3":"status-publish","4":"has-post-thumbnail","6":"product_cat-bassin-darcachon","7":"product_shipping_class-creativehub-flatrate","8":"desktop-align-left","9":"tablet-align-left","10":"mobile-align-left","12":"first","13":"instock","14":"purchasable","15":"product-type-simple"},"jetpack_sharing_enabled":true,"_links":{"self":[{"href":"https:\/\/maxime-roy.com\/en\/wp-json\/wp\/v2\/product\/259","targetHints":{"allow":["GET"]}}],"collection":[{"href":"https:\/\/maxime-roy.com\/en\/wp-json\/wp\/v2\/product"}],"about":[{"href":"https:\/\/maxime-roy.com\/en\/wp-json\/wp\/v2\/types\/product"}],"replies":[{"embeddable":true,"href":"https:\/\/maxime-roy.com\/en\/wp-json\/wp\/v2\/comments?post=259"}],"wp:featuredmedia":[{"embeddable":true,"href":"https:\/\/maxime-roy.com\/en\/wp-json\/wp\/v2\/media\/832"}],"wp:attachment":[{"href":"https:\/\/maxime-roy.com\/en\/wp-json\/wp\/v2\/media?parent=259"}],"wp:term":[{"taxonomy":"product_brand","embeddable":true,"href":"https:\/\/maxime-roy.com\/en\/wp-json\/wp\/v2\/product_brand?post=259"},{"taxonomy":"product_cat","embeddable":true,"href":"https:\/\/maxime-roy.com\/en\/wp-json\/wp\/v2\/product_cat?post=259"},{"taxonomy":"product_tag","embeddable":true,"href":"https:\/\/maxime-roy.com\/en\/wp-json\/wp\/v2\/product_tag?post=259"}],"curies":[{"name":"wp","href":"https:\/\/api.w.org\/{rel}","templated":true}]}}