{"id":1977,"date":"2024-02-13T10:12:51","date_gmt":"2024-02-13T09:12:51","guid":{"rendered":"https:\/\/maxime-roy.com\/?post_type=product&#038;p=1977"},"modified":"2024-08-09T14:31:37","modified_gmt":"2024-08-09T12:31:37","slug":"poster-sim-aviation","status":"publish","type":"product","link":"https:\/\/maxime-roy.com\/en\/boutique\/poster-sim-aviation\/","title":{"rendered":"Poster a\u00e9rien"},"content":{"rendered":"<h1>Choisissez votre poster<\/h1>\n<p>Choisissez votre poster parmi ceux expos\u00e9s devant vous : ils sont num\u00e9rot\u00e9s de 1 \u00e0 11.<\/p>\n<h1>D\u00e9dicacer pour faire un cadeau<\/h1>\n<p>Ajoutez un petit mot d\u00e9dicac\u00e9 ainsi que la signature de l&#8217;artiste sur le poster.<br \/>\nVous donnerez vos indications pour la d\u00e9dicace avant de faire le paiement : pour y acc\u00e9der, choisissez votre poster puis cliquez sur &#8220;Ajouter au panier&#8221;.<\/p>\n<p><img loading=\"lazy\" decoding=\"async\" class=\"alignnone size-medium wp-image-2088\" src=\"https:\/\/maxime-roy.com\/wp-content\/uploads\/2024\/02\/slide-dedicace-300x300.jpg\" alt=\"\" width=\"300\" height=\"300\" srcset=\"https:\/\/maxime-roy.com\/wp-content\/uploads\/2024\/02\/slide-dedicace-300x300.jpg 300w, https:\/\/maxime-roy.com\/wp-content\/uploads\/2024\/02\/slide-dedicace-1024x1024.jpg 1024w, https:\/\/maxime-roy.com\/wp-content\/uploads\/2024\/02\/slide-dedicace-150x150.jpg 150w, https:\/\/maxime-roy.com\/wp-content\/uploads\/2024\/02\/slide-dedicace-768x768.jpg 768w, https:\/\/maxime-roy.com\/wp-content\/uploads\/2024\/02\/slide-dedicace-1536x1536.jpg 1536w, https:\/\/maxime-roy.com\/wp-content\/uploads\/2024\/02\/slide-dedicace-500x500.jpg 500w, https:\/\/maxime-roy.com\/wp-content\/uploads\/2024\/02\/slide-dedicace-800x800.jpg 800w, https:\/\/maxime-roy.com\/wp-content\/uploads\/2024\/02\/slide-dedicace-1280x1280.jpg 1280w, https:\/\/maxime-roy.com\/wp-content\/uploads\/2024\/02\/slide-dedicace-1920x1920.jpg 1920w, https:\/\/maxime-roy.com\/wp-content\/uploads\/2024\/02\/slide-dedicace-600x600.jpg 600w, https:\/\/maxime-roy.com\/wp-content\/uploads\/2024\/02\/slide-dedicace-100x100.jpg 100w, https:\/\/maxime-roy.com\/wp-content\/uploads\/2024\/02\/slide-dedicace.jpg 2000w\" sizes=\"auto, (max-width: 300px) 100vw, 300px\" \/><\/p>\n<h1>Personnaliser pour offrir un souvenir<\/h1>\n<p>Personnalisez le poster avec le texte de votre choix : le pr\u00e9nom d&#8217;un proche, une blague, une private joke&#8230; Amusez-vous !<br \/>\nVous donnerez vos indications de personnalisation avant de faire le paiement : pour y acc\u00e9der, choisissez votre poster puis cliquez sur &#8220;Ajouter au panier&#8221;.<\/p>\n<p>Apr\u00e8s le paiement, l&#8217;artiste vous enverra un aper\u00e7u de votre poster personnalis\u00e9 par email. Vous devrez le valider avant qu&#8217;il soit envoy\u00e9 \u00e0 l&#8217;impression.<\/p>\n<p><img loading=\"lazy\" decoding=\"async\" class=\"alignnone size-medium wp-image-2090\" src=\"https:\/\/maxime-roy.com\/wp-content\/uploads\/2024\/02\/slide-personnaliser-2-300x300.jpg\" alt=\"\" width=\"300\" height=\"300\" srcset=\"https:\/\/maxime-roy.com\/wp-content\/uploads\/2024\/02\/slide-personnaliser-2-300x300.jpg 300w, https:\/\/maxime-roy.com\/wp-content\/uploads\/2024\/02\/slide-personnaliser-2-1024x1024.jpg 1024w, https:\/\/maxime-roy.com\/wp-content\/uploads\/2024\/02\/slide-personnaliser-2-150x150.jpg 150w, https:\/\/maxime-roy.com\/wp-content\/uploads\/2024\/02\/slide-personnaliser-2-768x768.jpg 768w, https:\/\/maxime-roy.com\/wp-content\/uploads\/2024\/02\/slide-personnaliser-2-1536x1536.jpg 1536w, https:\/\/maxime-roy.com\/wp-content\/uploads\/2024\/02\/slide-personnaliser-2-500x500.jpg 500w, https:\/\/maxime-roy.com\/wp-content\/uploads\/2024\/02\/slide-personnaliser-2-800x800.jpg 800w, https:\/\/maxime-roy.com\/wp-content\/uploads\/2024\/02\/slide-personnaliser-2-1280x1280.jpg 1280w, https:\/\/maxime-roy.com\/wp-content\/uploads\/2024\/02\/slide-personnaliser-2-1920x1920.jpg 1920w, https:\/\/maxime-roy.com\/wp-content\/uploads\/2024\/02\/slide-personnaliser-2-600x600.jpg 600w, https:\/\/maxime-roy.com\/wp-content\/uploads\/2024\/02\/slide-personnaliser-2-100x100.jpg 100w, https:\/\/maxime-roy.com\/wp-content\/uploads\/2024\/02\/slide-personnaliser-2.jpg 2000w\" sizes=\"auto, (max-width: 300px) 100vw, 300px\" \/><\/p>\n<h1>Mode de retrait : chez Sim Aviation ou exp\u00e9dition \u00e0 votre domicile<\/h1>\n<p>Z\u00e9ro stock ! Votre poster sera imprim\u00e9 seulement apr\u00e8s votre paiement. Vous pouvez choisir entre :<\/p>\n<ul>\n<li>r\u00e9cup\u00e9rer le poster \u00e0 Sim Aviation, dans les 5 jours apr\u00e8s votre achat,<\/li>\n<li>OU recevoir le poster \u00e0 votre domicile pour 5\u20ac (*). Le poster est roul\u00e9 dans un tube en carton protecteur pour le transport.<\/li>\n<\/ul>\n<p>(*) tarif pour la France M\u00e9tropolitaine. Pour une exp\u00e9dition \u00e0 l&#8217;\u00e9tranger, contactez l&#8217;artiste avant de faire votre achat. Les informations de contact se trouvent en bas de cette page.<\/p>\n<h1>O\u00f9 indiquer la d\u00e9dicace \/ personnalisation du poster ?<\/h1>\n<p>Choisissez votre poster dans le menu ainsi que vos options puis cliquez &#8220;Ajouter au panier&#8221;.<br \/>\nCliquez ensuite sur le bouton &#8220;Valider la commande&#8221; pour passer \u00e0 l&#8217;\u00e9tape suivante.<br \/>\nVous pourrez donner vos indications pour la d\u00e9dicace et la personnalisation du poster dans le champ &#8220;Notes de commande&#8221;.<\/p>\n<p><img loading=\"lazy\" decoding=\"async\" class=\"alignnone size-medium wp-image-2092\" src=\"https:\/\/maxime-roy.com\/wp-content\/uploads\/2024\/02\/tuto-dedicace-182x300.jpg\" alt=\"\" width=\"182\" height=\"300\" srcset=\"https:\/\/maxime-roy.com\/wp-content\/uploads\/2024\/02\/tuto-dedicace-182x300.jpg 182w, https:\/\/maxime-roy.com\/wp-content\/uploads\/2024\/02\/tuto-dedicace-623x1024.jpg 623w, https:\/\/maxime-roy.com\/wp-content\/uploads\/2024\/02\/tuto-dedicace-768x1263.jpg 768w, https:\/\/maxime-roy.com\/wp-content\/uploads\/2024\/02\/tuto-dedicace-934x1536.jpg 934w, https:\/\/maxime-roy.com\/wp-content\/uploads\/2024\/02\/tuto-dedicace-500x822.jpg 500w, https:\/\/maxime-roy.com\/wp-content\/uploads\/2024\/02\/tuto-dedicace-800x1315.jpg 800w, https:\/\/maxime-roy.com\/wp-content\/uploads\/2024\/02\/tuto-dedicace-600x986.jpg 600w, https:\/\/maxime-roy.com\/wp-content\/uploads\/2024\/02\/tuto-dedicace.jpg 941w\" sizes=\"auto, (max-width: 182px) 100vw, 182px\" \/><\/p>\n<p>&nbsp;<\/p>\n<h1>Poster a\u00e9rien sur-mesure<\/h1>\n<p>L&#8217;artiste con\u00e7oit pour vous un poster sur-mesure avec le paysage de votre choix vu du ciel.<br \/>\nVous recevrez un appel t\u00e9l\u00e9phonique de l&#8217;artiste (15 minutes) pour d\u00e9finir votre projet de poster.<\/p>\n<p>Exemples :<\/p>\n<ul>\n<li>&#8220;je veux un poster du Cap Ferret pour d\u00e9corer ma maison&#8221;,<\/li>\n<li>&#8220;je veux offrir un poster du littoral atlantique \u00e0 ma cousine&#8221;.<\/li>\n<\/ul>\n","protected":false},"excerpt":{"rendered":"<p><strong>Format<\/strong> 30 x 40 cm standard, pr\u00eat \u00e0 encadrer<br \/>\n<strong>Tirage<\/strong> couleur sur papier mat 200 g\/m\u00b2. Imprim\u00e9 \u00e0 Bordeaux.<\/p>\n<p><em>Suggestion de pr\u00e9sentation : le cadre n&#8217;est pas fourni.<\/em><\/p>\n","protected":false},"featured_media":2059,"comment_status":"open","ping_status":"closed","template":"","meta":{"site-sidebar-layout":"default","site-content-layout":"default","ast-global-header-display":"","ast-main-header-display":"","ast-hfb-above-header-display":"","ast-hfb-below-header-display":"","ast-hfb-mobile-header-display":"","site-post-title":"","ast-breadcrumbs-content":"","ast-featured-img":"","footer-sml-layout":"","theme-transparent-header-meta":"default","adv-header-id-meta":"","stick-header-meta":"","header-above-stick-meta":"","header-main-stick-meta":"","header-below-stick-meta":"","_vp_format_video_url":"","_vp_image_focal_point":[]},"product_brand":[],"product_cat":[72],"product_tag":[],"class_list":{"0":"post-1977","1":"product","2":"type-product","3":"status-publish","4":"has-post-thumbnail","6":"product_cat-affiche","7":"desktop-align-left","8":"tablet-align-left","9":"mobile-align-left","11":"first","12":"instock","13":"purchasable","14":"product-type-variable","15":"has-default-attributes"},"jetpack_sharing_enabled":true,"_links":{"self":[{"href":"https:\/\/maxime-roy.com\/en\/wp-json\/wp\/v2\/product\/1977","targetHints":{"allow":["GET"]}}],"collection":[{"href":"https:\/\/maxime-roy.com\/en\/wp-json\/wp\/v2\/product"}],"about":[{"href":"https:\/\/maxime-roy.com\/en\/wp-json\/wp\/v2\/types\/product"}],"replies":[{"embeddable":true,"href":"https:\/\/maxime-roy.com\/en\/wp-json\/wp\/v2\/comments?post=1977"}],"wp:featuredmedia":[{"embeddable":true,"href":"https:\/\/maxime-roy.com\/en\/wp-json\/wp\/v2\/media\/2059"}],"wp:attachment":[{"href":"https:\/\/maxime-roy.com\/en\/wp-json\/wp\/v2\/media?parent=1977"}],"wp:term":[{"taxonomy":"product_brand","embeddable":true,"href":"https:\/\/maxime-roy.com\/en\/wp-json\/wp\/v2\/product_brand?post=1977"},{"taxonomy":"product_cat","embeddable":true,"href":"https:\/\/maxime-roy.com\/en\/wp-json\/wp\/v2\/product_cat?post=1977"},{"taxonomy":"product_tag","embeddable":true,"href":"https:\/\/maxime-roy.com\/en\/wp-json\/wp\/v2\/product_tag?post=1977"}],"curies":[{"name":"wp","href":"https:\/\/api.w.org\/{rel}","templated":true}]}}