{"id":194,"date":"2023-01-23T20:54:07","date_gmt":"2023-01-23T19:54:07","guid":{"rendered":"https:\/\/maxime-roy.com\/?post_type=product&#038;p=194"},"modified":"2023-07-05T15:20:07","modified_gmt":"2023-07-05T13:20:07","slug":"marseille-bouches-du-rhone","status":"publish","type":"product","link":"https:\/\/maxime-roy.com\/en\/boutique\/marseille-bouches-du-rhone\/","title":{"rendered":"Marseille"},"content":{"rendered":"<p>Tirage d&#8217;art sur papier mat (qualit\u00e9 mus\u00e9e).<\/p>\n<h2>Photographie<\/h2>\n<p>Les clich\u00e9s ont \u00e9t\u00e9 r\u00e9alis\u00e9s en 2020 par l\u2019Institut G\u00e9ographique National \u00e0 bord d\u2019un avion Beechcraft King Air 200 au-dessus de la ville de Marseille (Bouches-du-Rh\u00f4ne). Cette photographie est un assemblage de plusieurs clich\u00e9s. Les couleurs sur le tirage sont splendides : on est transport\u00e9 depuis le bleu outremer \u00e0 l&#8217;est vers le bleu azur de la rade d&#8217;Endoume jusqu&#8217;au rouge saumon de la cit\u00e9 phoc\u00e9enne. Deux lieux remarquables nous aident \u00e0 se rep\u00e9rer : le Vieux-Port en centre de l&#8217;image et le mythique Stade V\u00e9lodrome, en bas \u00e0 droite.<\/p>\n<h2>Encres et papier<\/h2>\n<p>Le tirage est r\u00e9alis\u00e9 sur un papier photo de qualit\u00e9 professionnelle par mon laboratoire partenaire. La qualit\u00e9 des encres et du papier vous garantit une <strong>conservation parfaite des couleurs <\/strong>pendant 40 ans en situation d\u2019exposition (\u00e0 la lumi\u00e8re du jour, en int\u00e9rieur et sans exposition \u00e0 la chaleur ou l\u2019humidit\u00e9).<\/p>\n<h2>Encadrement<\/h2>\n<p>Le cadre n\u2019est pas livr\u00e9 avec le tirage. <a href=\"https:\/\/maxime-roy.com\/solutions-dencadrement\/\">Consultez la page \u00ab\u00a0Cadres et encadrement\u00a0\u00bb<\/a> pour <strong>trouver un cadre adapt\u00e9 \u00e0 votre int\u00e9rieur<\/strong>.<br \/>\nSi vous souhaitez recevoir un tirage encadr\u00e9, c\u2019est possible ! Dans ce cas, contactez-moi avant de passer commande (mes coordonn\u00e9es sont en bas de cette page).<\/p>\n<h2>Livraison<\/h2>\n<p>Transporteur : La Poste Colissimo avec suivi.<br \/>\n<strong>D\u00e9lai : 5 jours ouvr\u00e9s<\/strong>. Par exemple, si vous passez commande le samedi ou le dimanche, vous recevrez le colis chez vous le vendredi suivant.<br \/>\nEmballage : le tirage est d\u00e9pos\u00e9 dans du papier de soie pour prot\u00e9ger les encres du contact avec le carton, puis emball\u00e9 \u00e0 plat (format 30x40cm) ou roul\u00e9 (format 50x70cm) dans un emballage avec protection renforc\u00e9e en carton recycl\u00e9. Je vous le garantis : votre tirage n\u2019arrivera jamais pli\u00e9 en mauvais \u00e9tat.<\/p>\n","protected":false},"excerpt":{"rendered":"<p><em>Marseille vue du ciel<\/em><br \/>\nPhotographie a\u00e9rienne de Marseille (2020)<br \/>\n<strong>Format<\/strong> 50 x 70 cm (panoramique)<br \/>\n<strong>Tirage argentique<\/strong> sur papier photo 220 g<\/p>\n<p>Bienvenue \u00e0 Marseille ! Affirmez votre attachement \u00e0 la cit\u00e9 phoc\u00e9enne avec ce point de vue a\u00e9rien unique \u00e0 exposer dans votre int\u00e9rieur. Des couleurs superbes : on est transport\u00e9 depuis le bleu outremer \u00e0 l&#8217;est vers le bleu azur de la rade d&#8217;Endoume jusqu&#8217;au rouge saumon de la cit\u00e9 phoc\u00e9enne. Deux lieux remarquables nous aident \u00e0 se rep\u00e9rer : le Vieux-Port en centre de l&#8217;image et le mythique Stade V\u00e9lodrome, en bas \u00e0 droite.<\/p>\n","protected":false},"featured_media":848,"comment_status":"closed","ping_status":"closed","template":"","meta":{"site-sidebar-layout":"default","site-content-layout":"default","ast-global-header-display":"","ast-main-header-display":"","ast-hfb-above-header-display":"","ast-hfb-below-header-display":"","ast-hfb-mobile-header-display":"","site-post-title":"","ast-breadcrumbs-content":"","ast-featured-img":"","footer-sml-layout":"","theme-transparent-header-meta":"default","adv-header-id-meta":"","stick-header-meta":"","header-above-stick-meta":"","header-main-stick-meta":"","header-below-stick-meta":"","_vp_format_video_url":"","_vp_image_focal_point":[]},"product_brand":[],"product_cat":[20,22,84,34,19],"product_tag":[35],"class_list":{"0":"post-194","1":"product","2":"type-product","3":"status-publish","4":"has-post-thumbnail","6":"product_cat-facile-a-encadrer","7":"product_cat-france","8":"product_cat-hors-edition-limitee","9":"product_cat-mer","10":"product_cat-tirage-dart","11":"product_tag-provence-alpes-cote-dazur","12":"product_shipping_class-creativehub-flatrate","13":"desktop-align-left","14":"tablet-align-left","15":"mobile-align-left","17":"first","18":"instock","19":"purchasable","20":"product-type-variable","21":"has-default-attributes"},"jetpack_sharing_enabled":true,"_links":{"self":[{"href":"https:\/\/maxime-roy.com\/en\/wp-json\/wp\/v2\/product\/194","targetHints":{"allow":["GET"]}}],"collection":[{"href":"https:\/\/maxime-roy.com\/en\/wp-json\/wp\/v2\/product"}],"about":[{"href":"https:\/\/maxime-roy.com\/en\/wp-json\/wp\/v2\/types\/product"}],"replies":[{"embeddable":true,"href":"https:\/\/maxime-roy.com\/en\/wp-json\/wp\/v2\/comments?post=194"}],"wp:featuredmedia":[{"embeddable":true,"href":"https:\/\/maxime-roy.com\/en\/wp-json\/wp\/v2\/media\/848"}],"wp:attachment":[{"href":"https:\/\/maxime-roy.com\/en\/wp-json\/wp\/v2\/media?parent=194"}],"wp:term":[{"taxonomy":"product_brand","embeddable":true,"href":"https:\/\/maxime-roy.com\/en\/wp-json\/wp\/v2\/product_brand?post=194"},{"taxonomy":"product_cat","embeddable":true,"href":"https:\/\/maxime-roy.com\/en\/wp-json\/wp\/v2\/product_cat?post=194"},{"taxonomy":"product_tag","embeddable":true,"href":"https:\/\/maxime-roy.com\/en\/wp-json\/wp\/v2\/product_tag?post=194"}],"curies":[{"name":"wp","href":"https:\/\/api.w.org\/{rel}","templated":true}]}}