{"id":13,"date":"2022-10-12T20:57:48","date_gmt":"2022-10-12T18:57:48","guid":{"rendered":"https:\/\/maxime-roy.com\/produit\/hoodie-with-logo\/"},"modified":"2026-04-22T18:57:09","modified_gmt":"2026-04-22T16:57:09","slug":"bassin-d-arcachon","status":"publish","type":"product","link":"https:\/\/maxime-roy.com\/en\/boutique\/bassin-d-arcachon\/","title":{"rendered":"Le Bassin d&#8217;Arcachon"},"content":{"rendered":"<h2>Une photo de paysage vu du ciel<\/h2>\n<p><span data-offset-key=\"a5re6-0-0\">Cette <strong>photographie a\u00e9rienne<\/strong> du bassin d&#8217;Arcachon \u00e0 mar\u00e9e basse a \u00e9t\u00e9 r\u00e9alis\u00e9e par l&#8217;assemblage de dizaines de clich\u00e9s pris depuis un avion, \u00e0 4 500 m\u00e8tres d&#8217;altitude ! L&#8217;eau de mer s&#8217;est retir\u00e9e de la lagune : l&#8217;estran est \u00e0 d\u00e9couvert, laissant appara\u00eetre les chenaux de navigation. Ainsi, chacun peut y voir le fruit de son imagination : un arbre, des racines, un f\u0153tus ? La nature est une v\u00e9ritable <strong>\u0153uvre d&#8217;art<\/strong>, qui se donne ici en spectacle !<\/span><\/p>\n<h2>Encres et papier<\/h2>\n<p>Le tirage est r\u00e9alis\u00e9 sur papier photo de <strong>qualit\u00e9 professionnelle<\/strong> au sein du <a href=\"https:\/\/www.whitewall.com\/fr\/magazine\/evenements\/TIPA-world-award-2023\">laboratoire sp\u00e9cialis\u00e9 White Wall, reconnu pour son excellence dans le monde des arts<\/a>. C&#8217;est un tirage argentique sur papier 220g finition mat (qualit\u00e9 mus\u00e9e).<\/p>\n<p>Cette \u0153uvre d&#8217;art est con\u00e7ue pour <strong>durer dans le temps<\/strong> : la qualit\u00e9 des encres et du papier vous garantit une <strong>conservation parfaite des couleurs <\/strong>pendant 80 ans en situation d&#8217;exposition normale (\u00e0 la lumi\u00e8re du jour, en int\u00e9rieur et sans exposition \u00e0 la chaleur ou l&#8217;humidit\u00e9).<\/p>\n<h2>5% pour la plan\u00e8te<\/h2>\n<p>Pour chaque tirage d&#8217;art achet\u00e9, 3\u20ac sont revers\u00e9s \u00e0 l&#8217;association environnementale qui g\u00e8re la\u00a0 <a href=\"https:\/\/www.sepanso.org\/\">la SEPANSO<\/a> pour la pr\u00e9servation de la R\u00e9serve Naturelle du Banc d&#8217;Arguin, la SEPANSO.<\/p>\n<h2>Photographie interactive : immergez-vous dans la photo !<\/h2>\n<p>Avec votre smartphone, scannez le QR Code situ\u00e9 en bas du tirage pour acc\u00e9der \u00e0 une <strong>carte interactive<\/strong> ! Cette carte vous transporte au c\u0153ur du bassin d&#8217;Arcachon en un clic. A travers plusieurs points d&#8217;int\u00e9r\u00eats, <strong>je vous raconte l&#8217;histoire g\u00e9ologique du bassin<\/strong>. Photographies a\u00e9riennes et terrestres, reportages vid\u00e9os, explications, r\u00e9cits&#8230; De nombreuses d\u00e9couvertes vous attendent pour d\u00e9couvrir l&#8217;histoire de la r\u00e9gion. Tout le contenu propos\u00e9 est le fruit de travaux de recherche et de documentation aupr\u00e8s d&#8217;historiens, g\u00e9ologues, biologistes, plongeurs, etc, ainsi qu&#8217;aupr\u00e8s des habitants du territoire. Toutes les r\u00e9f\u00e9rences sont indiqu\u00e9es pour vous permettre d&#8217;explorer chaque sujet en profondeur !<\/p>\n<div style=\"width: 300px;\" class=\"wp-video\"><video class=\"wp-video-shortcode\" id=\"video-13-1\" width=\"300\" height=\"600\" loop autoplay preload=\"metadata\" controls=\"controls\"><source type=\"video\/mp4\" src=\"https:\/\/maxime-roy.com\/wp-content\/uploads\/2022\/10\/demo-iphone_cropped_resized.mp4?_=1\" \/><a href=\"https:\/\/maxime-roy.com\/wp-content\/uploads\/2022\/10\/demo-iphone_cropped_resized.mp4\">https:\/\/maxime-roy.com\/wp-content\/uploads\/2022\/10\/demo-iphone_cropped_resized.mp4<\/a><\/video><\/div>\n<h2>Encadrement<\/h2>\n<p>Le tirage appara\u00eet encadr\u00e9 sur l&#8217;illustration mais le cadre n&#8217;est pas inclus par d\u00e9faut.<\/p>\n<h2>Livraison<\/h2>\n<p>D\u00e9lai : 5 jours ouvr\u00e9s.<br \/>\nEmballage : le tirage est livr\u00e9 roul\u00e9 dans un tube de protection renforc\u00e9 en carton recycl\u00e9.<\/p>\n<h2><a href=\"https:\/\/maxime-roy.com\/collection-bassin-arcachon\/\">La collection de photographies d&#8217;art &#8220;Le Bassin d&#8217;Arcachon&#8221;<\/a><\/h2>\n<p>Le tableau &#8220;Bassin d&#8217;Arcachon&#8221; fait partie de <a href=\"https:\/\/maxime-roy.com\/collection-bassin-arcachon\/\">la collection de tableaux sur le th\u00e8me du Bassin d&#8217;Arcachon<\/a>. D\u00e9couvrez les autres tableaux de la collection : <a href=\"https:\/\/maxime-roy.com\/boutique\/coeur-de-lege\/\">C\u0153ur de L\u00e8ge : un c\u0153ur dans la for\u00eat du Cap Ferret<\/a>, <a href=\"https:\/\/maxime-roy.com\/boutique\/banc-d-arguin-au-naturel\/\">le Banc d&#8217;Arguin<\/a> et <a href=\"https:\/\/maxime-roy.com\/boutique\/la-dune-du-pilat\/\">la Dune du Pilat<\/a>, <a href=\"https:\/\/maxime-roy.com\/boutique\/couleurs-de-leyre\/\">le Delta de la Leyre : la rivi\u00e8re qui a donn\u00e9 naissance au Bassin d&#8217;Arcachon<\/a>, <a href=\"https:\/\/maxime-roy.com\/boutique\/ile-aux-oiseaux\/\">l&#8217;Ile aux Oiseaux : un paradis au c\u0153ur du bassin bord\u00e9 par les c\u00e9l\u00e8bres cabanes tchanqu\u00e9es<\/a>\u00a0et enfin <a href=\"https:\/\/maxime-roy.com\/boutique\/ecume-du-jour\/\">\u00c9cume du jour : les plages oc\u00e9anes du Cap Ferret<\/a>.<\/p>\n","protected":false},"excerpt":{"rendered":"<p><em>Le Bassin d&#8217;Arcachon dans toute sa splendeur<\/em><br \/>\nPhotographie a\u00e9rienne du Bassin d&#8217;Arcachon \u00e0 mar\u00e9e basse<br \/>\n<strong>Artiste<\/strong> Maxime Roy x IGN 2018<br \/>\n<strong>Format au choix<\/strong> 50 x 70 cm ou 30 x 40 cm<br \/>\n<strong>Tirage argentique<\/strong> sur papier photo 220 g<\/p>\n<p><span data-offset-key=\"a5re6-0-0\">Le Bassin d&#8217;Arcachon vu du ciel \u00e0 mar\u00e9e basse ! Affirmez votre attachement \u00e0 cette r\u00e9gion exceptionnelle en exposant cette photographie originale dans votre int\u00e9rieur.<br \/>\n<\/span><\/p>\n<p><span data-offset-key=\"a5re6-0-0\">L&#8217;eau de mer s&#8217;est retir\u00e9e de la lagune : l&#8217;estran est \u00e0 d\u00e9couvert, laissant appara\u00eetre les chenaux de navigation. Du nord au sud et d&#8217;est en ouest, on survole les paysages embl\u00e9matiques de cette destination : <a href=\"https:\/\/maxime-roy.com\/boutique\/ecume-du-jour\/\">les plages de l&#8217;Atlantique<\/a>, le Cap Ferret, <a href=\"https:\/\/maxime-roy.com\/boutique\/banc-d-arguin-au-naturel\/\">le banc d&#8217;Arguin<\/a>, <a href=\"https:\/\/maxime-roy.com\/boutique\/la-dune-du-pilat\/\">la dune du Pilat<\/a>, <a href=\"https:\/\/maxime-roy.com\/boutique\/ile-aux-oiseaux\/\">l&#8217;\u00eele aux Oiseaux<\/a>, les ports ostr\u00e9icoles, <a href=\"https:\/\/maxime-roy.com\/boutique\/couleurs-de-leyre\/\">le delta de la Leyre<\/a>&#8230;<\/span><\/p>\n","protected":false},"featured_media":846,"comment_status":"open","ping_status":"closed","template":"","meta":{"site-sidebar-layout":"default","site-content-layout":"default","ast-global-header-display":"","ast-main-header-display":"","ast-hfb-above-header-display":"","ast-hfb-below-header-display":"","ast-hfb-mobile-header-display":"","site-post-title":"","ast-breadcrumbs-content":"","ast-featured-img":"","footer-sml-layout":"","theme-transparent-header-meta":"default","adv-header-id-meta":"","stick-header-meta":"","header-above-stick-meta":"","header-main-stick-meta":"","header-below-stick-meta":"","_vp_format_video_url":"","_vp_image_focal_point":[]},"product_brand":[],"product_cat":[38,53,84,54,19],"product_tag":[56,41,40,60,58,55,59,42,57],"class_list":{"0":"post-13","1":"product","2":"type-product","3":"status-publish","4":"has-post-thumbnail","6":"product_cat-bassin-darcachon","7":"product_cat-format","8":"product_cat-hors-edition-limitee","9":"product_cat-portrait","10":"product_cat-tirage-dart","11":"product_tag-banc-darguin","12":"product_tag-bleu","13":"product_tag-bleu-roi","14":"product_tag-cap-ferret","15":"product_tag-chenaux","16":"product_tag-dune-du-pilat","17":"product_tag-esteys","18":"product_tag-gris","19":"product_tag-ile-aux-oiseaux","20":"product_shipping_class-creativehub-flatrate","21":"desktop-align-left","22":"tablet-align-left","23":"mobile-align-left","25":"first","26":"instock","27":"purchasable","28":"product-type-variable","29":"has-default-attributes"},"jetpack_sharing_enabled":true,"_links":{"self":[{"href":"https:\/\/maxime-roy.com\/en\/wp-json\/wp\/v2\/product\/13","targetHints":{"allow":["GET"]}}],"collection":[{"href":"https:\/\/maxime-roy.com\/en\/wp-json\/wp\/v2\/product"}],"about":[{"href":"https:\/\/maxime-roy.com\/en\/wp-json\/wp\/v2\/types\/product"}],"replies":[{"embeddable":true,"href":"https:\/\/maxime-roy.com\/en\/wp-json\/wp\/v2\/comments?post=13"}],"wp:featuredmedia":[{"embeddable":true,"href":"https:\/\/maxime-roy.com\/en\/wp-json\/wp\/v2\/media\/846"}],"wp:attachment":[{"href":"https:\/\/maxime-roy.com\/en\/wp-json\/wp\/v2\/media?parent=13"}],"wp:term":[{"taxonomy":"product_brand","embeddable":true,"href":"https:\/\/maxime-roy.com\/en\/wp-json\/wp\/v2\/product_brand?post=13"},{"taxonomy":"product_cat","embeddable":true,"href":"https:\/\/maxime-roy.com\/en\/wp-json\/wp\/v2\/product_cat?post=13"},{"taxonomy":"product_tag","embeddable":true,"href":"https:\/\/maxime-roy.com\/en\/wp-json\/wp\/v2\/product_tag?post=13"}],"curies":[{"name":"wp","href":"https:\/\/api.w.org\/{rel}","templated":true}]}}